{"id":548,"date":"2022-04-01T11:21:38","date_gmt":"2022-04-01T14:21:38","guid":{"rendered":"http:\/\/institucional.ufrrj.br\/acessoainformacao\/?page_id=548"},"modified":"2024-07-12T02:12:34","modified_gmt":"2024-07-12T05:12:34","slug":"protecao-de-dados-pessoais","status":"publish","type":"page","link":"https:\/\/institucional.ufrrj.br\/acessoainformacao\/protecao-de-dados-pessoais\/","title":{"rendered":"Prote\u00e7\u00e3o de Dados Pessoais"},"content":{"rendered":"\n<p class=\" eplus-wrapper\">Esta se\u00e7\u00e3o re\u00fane a\u00e7\u00f5es e informa\u00e7\u00f5es relacionadas \u00e0 Lei Geral de Prote\u00e7\u00e3o de Dados Pessoais (LGPD)<\/p>\n\n\n\n<p class=\" eplus-wrapper\">A <strong>Lei Geral de Prote\u00e7\u00e3o de Dados Pessoais (LGPD)<\/strong> disp\u00f5e sobre o tratamento de dados pessoais, inclusive nos meios digitais, por pessoa natural ou por pessoa jur\u00eddica de direito p\u00fablico ou privado, com o objetivo de proteger os direitos fundamentais de liberdade e de privacidade e o livre desenvolvimento da personalidade da pessoa natural.<\/p>\n\n\n\n<h5 class=\"eplus-wrapper wp-block-heading\"><strong>ENCARREGADO PELO TRATAMENTO DE DADOS PESSOAIS<\/strong><\/h5>\n\n\n\n<p class=\" eplus-wrapper\">Sua atua\u00e7\u00e3o \u00e9 estabelecer um canal de comunica\u00e7\u00e3o entre a institui\u00e7\u00e3o, os titulares dos dados e a Autoridade Nacional de Prote\u00e7\u00e3o de Dados (ANPD).<\/p>\n\n\n\n<p class=\" eplus-wrapper\">De acordo com o \u00a7 2\u00ba do art. 41da LGPD, o encarregado possui as seguintes atribui\u00e7\u00f5es:<\/p>\n\n\n\n<p class=\" eplus-wrapper\">1- Aceitar reclama\u00e7\u00f5es e comunica\u00e7\u00f5es dos titulares, prestar esclarecimentos e adotar provid\u00eancias;<\/p>\n\n\n\n<p>2- Receber comunica\u00e7\u00f5es da autoridade nacional e adotar provid\u00eancias;<\/p>\n\n\n\n<p class=\" eplus-wrapper\">3- Orientar os servidores, colaboradores e os contratados da institui\u00e7\u00e3o sobre as pr\u00e1ticas a serem tomadas em rela\u00e7\u00e3o \u00e0 prote\u00e7\u00e3o dos dados pessoais;<\/p>\n\n\n\n<p>4- Executar as demais atribui\u00e7\u00f5es determinadas pelo controlador ou estabelecidas em normas complementares.<\/p>\n\n\n\n<p class=\" eplus-wrapper\">Nesse sentido, a <a href=\"https:\/\/institucional.ufrrj.br\/acessoainformacao\/files\/2024\/07\/Portaria-Encarregado-RAFAEL-MORAES-DA-SILVA.pdf\" data-type=\"URL\" data-id=\"https:\/\/institucional.ufrrj.br\/acessoainformacao\/files\/2024\/07\/Portaria-Encarregado-RAFAEL-MORAES-DA-SILVA.pdf\" target=\"_blank\" rel=\"noreferrer noopener\">Portaria n\u00ba 4112, de 30 de junho de 2022,<\/a> designou o servidor\u00a0RAFAEL MORAES DA SILVA\u00a0como encarregado pelo tratamento de dados pessoais no \u00e2mbito da Universidade Federal Rural do Rio de Janeiro.<\/p>\n\n\n\n<p class=\" eplus-wrapper\">Desse modo, quaisquer\u00a0d\u00favidas ou reclama\u00e7\u00f5es a respeito do tratamento de dados pessoais\u00a0realizado pela UFRRJ devem ser encaminhadas para o encarregado, por meio do e-mail\u00a0encarregado.dados@ufrrj.br<\/p>\n","protected":false},"excerpt":{"rendered":"<p>Esta se\u00e7\u00e3o re\u00fane a\u00e7\u00f5es e informa\u00e7\u00f5es relacionadas \u00e0 Lei Geral de Prote\u00e7\u00e3o de Dados Pessoais (LGPD) A Lei Geral de <a class=\"read-more\" href=\"https:\/\/institucional.ufrrj.br\/acessoainformacao\/protecao-de-dados-pessoais\/ \" >&#8230; <span class=\"font-italic\">leia mais <i class=\"fas fa-angle-right\"><\/i><\/span><\/a><\/p>\n","protected":false},"author":634,"featured_media":0,"parent":0,"menu_order":0,"comment_status":"closed","ping_status":"closed","template":"","meta":{"footnotes":""},"class_list":["post-548","page","type-page","status-publish","hentry"],"yoast_head":"<!-- This site is optimized with the Yoast SEO plugin v27.2 - https:\/\/yoast.com\/product\/yoast-seo-wordpress\/ -->\n<title>Prote\u00e7\u00e3o de Dados Pessoais - Acesso \u00e0 Informa\u00e7\u00e3o<\/title>\n<meta name=\"robots\" content=\"index, follow, max-snippet:-1, max-image-preview:large, max-video-preview:-1\" \/>\n<link rel=\"canonical\" href=\"https:\/\/institucional.ufrrj.br\/acessoainformacao\/protecao-de-dados-pessoais\/\" \/>\n<meta property=\"og:locale\" content=\"pt_BR\" \/>\n<meta property=\"og:type\" content=\"article\" \/>\n<meta property=\"og:title\" content=\"Prote\u00e7\u00e3o de Dados Pessoais - Acesso \u00e0 Informa\u00e7\u00e3o\" \/>\n<meta property=\"og:description\" content=\"Esta se\u00e7\u00e3o re\u00fane a\u00e7\u00f5es e informa\u00e7\u00f5es relacionadas \u00e0 Lei Geral de Prote\u00e7\u00e3o de Dados Pessoais (LGPD) A Lei Geral de ... leia mais\" \/>\n<meta property=\"og:url\" content=\"https:\/\/institucional.ufrrj.br\/acessoainformacao\/protecao-de-dados-pessoais\/\" \/>\n<meta property=\"og:site_name\" content=\"Acesso \u00e0 Informa\u00e7\u00e3o\" \/>\n<meta property=\"article:modified_time\" content=\"2024-07-12T05:12:34+00:00\" \/>\n<meta name=\"twitter:card\" content=\"summary_large_image\" \/>\n<meta name=\"twitter:label1\" content=\"Est. tempo de leitura\" \/>\n\t<meta name=\"twitter:data1\" content=\"1 minuto\" \/>\n<script type=\"application\/ld+json\" class=\"yoast-schema-graph\">{\"@context\":\"https:\/\/schema.org\",\"@graph\":[{\"@type\":\"WebPage\",\"@id\":\"https:\/\/institucional.ufrrj.br\/acessoainformacao\/protecao-de-dados-pessoais\/\",\"url\":\"https:\/\/institucional.ufrrj.br\/acessoainformacao\/protecao-de-dados-pessoais\/\",\"name\":\"Prote\u00e7\u00e3o de Dados Pessoais - Acesso \u00e0 Informa\u00e7\u00e3o\",\"isPartOf\":{\"@id\":\"https:\/\/institucional.ufrrj.br\/acessoainformacao\/#website\"},\"datePublished\":\"2022-04-01T14:21:38+00:00\",\"dateModified\":\"2024-07-12T05:12:34+00:00\",\"breadcrumb\":{\"@id\":\"https:\/\/institucional.ufrrj.br\/acessoainformacao\/protecao-de-dados-pessoais\/#breadcrumb\"},\"inLanguage\":\"pt-BR\",\"potentialAction\":[{\"@type\":\"ReadAction\",\"target\":[\"https:\/\/institucional.ufrrj.br\/acessoainformacao\/protecao-de-dados-pessoais\/\"]}]},{\"@type\":\"BreadcrumbList\",\"@id\":\"https:\/\/institucional.ufrrj.br\/acessoainformacao\/protecao-de-dados-pessoais\/#breadcrumb\",\"itemListElement\":[{\"@type\":\"ListItem\",\"position\":1,\"name\":\"In\u00edcio\",\"item\":\"https:\/\/institucional.ufrrj.br\/acessoainformacao\/\"},{\"@type\":\"ListItem\",\"position\":2,\"name\":\"Prote\u00e7\u00e3o de Dados Pessoais\"}]},{\"@type\":\"WebSite\",\"@id\":\"https:\/\/institucional.ufrrj.br\/acessoainformacao\/#website\",\"url\":\"https:\/\/institucional.ufrrj.br\/acessoainformacao\/\",\"name\":\"Acesso \u00e0 Informa\u00e7\u00e3o\",\"description\":\"UFRRJ\",\"potentialAction\":[{\"@type\":\"SearchAction\",\"target\":{\"@type\":\"EntryPoint\",\"urlTemplate\":\"https:\/\/institucional.ufrrj.br\/acessoainformacao\/?s={search_term_string}\"},\"query-input\":{\"@type\":\"PropertyValueSpecification\",\"valueRequired\":true,\"valueName\":\"search_term_string\"}}],\"inLanguage\":\"pt-BR\"}]}<\/script>\n<!-- \/ Yoast SEO plugin. -->","yoast_head_json":{"title":"Prote\u00e7\u00e3o de Dados Pessoais - Acesso \u00e0 Informa\u00e7\u00e3o","robots":{"index":"index","follow":"follow","max-snippet":"max-snippet:-1","max-image-preview":"max-image-preview:large","max-video-preview":"max-video-preview:-1"},"canonical":"https:\/\/institucional.ufrrj.br\/acessoainformacao\/protecao-de-dados-pessoais\/","og_locale":"pt_BR","og_type":"article","og_title":"Prote\u00e7\u00e3o de Dados Pessoais - Acesso \u00e0 Informa\u00e7\u00e3o","og_description":"Esta se\u00e7\u00e3o re\u00fane a\u00e7\u00f5es e informa\u00e7\u00f5es relacionadas \u00e0 Lei Geral de Prote\u00e7\u00e3o de Dados Pessoais (LGPD) A Lei Geral de ... leia mais","og_url":"https:\/\/institucional.ufrrj.br\/acessoainformacao\/protecao-de-dados-pessoais\/","og_site_name":"Acesso \u00e0 Informa\u00e7\u00e3o","article_modified_time":"2024-07-12T05:12:34+00:00","twitter_card":"summary_large_image","twitter_misc":{"Est. tempo de leitura":"1 minuto"},"schema":{"@context":"https:\/\/schema.org","@graph":[{"@type":"WebPage","@id":"https:\/\/institucional.ufrrj.br\/acessoainformacao\/protecao-de-dados-pessoais\/","url":"https:\/\/institucional.ufrrj.br\/acessoainformacao\/protecao-de-dados-pessoais\/","name":"Prote\u00e7\u00e3o de Dados Pessoais - Acesso \u00e0 Informa\u00e7\u00e3o","isPartOf":{"@id":"https:\/\/institucional.ufrrj.br\/acessoainformacao\/#website"},"datePublished":"2022-04-01T14:21:38+00:00","dateModified":"2024-07-12T05:12:34+00:00","breadcrumb":{"@id":"https:\/\/institucional.ufrrj.br\/acessoainformacao\/protecao-de-dados-pessoais\/#breadcrumb"},"inLanguage":"pt-BR","potentialAction":[{"@type":"ReadAction","target":["https:\/\/institucional.ufrrj.br\/acessoainformacao\/protecao-de-dados-pessoais\/"]}]},{"@type":"BreadcrumbList","@id":"https:\/\/institucional.ufrrj.br\/acessoainformacao\/protecao-de-dados-pessoais\/#breadcrumb","itemListElement":[{"@type":"ListItem","position":1,"name":"In\u00edcio","item":"https:\/\/institucional.ufrrj.br\/acessoainformacao\/"},{"@type":"ListItem","position":2,"name":"Prote\u00e7\u00e3o de Dados Pessoais"}]},{"@type":"WebSite","@id":"https:\/\/institucional.ufrrj.br\/acessoainformacao\/#website","url":"https:\/\/institucional.ufrrj.br\/acessoainformacao\/","name":"Acesso \u00e0 Informa\u00e7\u00e3o","description":"UFRRJ","potentialAction":[{"@type":"SearchAction","target":{"@type":"EntryPoint","urlTemplate":"https:\/\/institucional.ufrrj.br\/acessoainformacao\/?s={search_term_string}"},"query-input":{"@type":"PropertyValueSpecification","valueRequired":true,"valueName":"search_term_string"}}],"inLanguage":"pt-BR"}]}},"_links":{"self":[{"href":"https:\/\/institucional.ufrrj.br\/acessoainformacao\/wp-json\/wp\/v2\/pages\/548","targetHints":{"allow":["GET"]}}],"collection":[{"href":"https:\/\/institucional.ufrrj.br\/acessoainformacao\/wp-json\/wp\/v2\/pages"}],"about":[{"href":"https:\/\/institucional.ufrrj.br\/acessoainformacao\/wp-json\/wp\/v2\/types\/page"}],"author":[{"embeddable":true,"href":"https:\/\/institucional.ufrrj.br\/acessoainformacao\/wp-json\/wp\/v2\/users\/634"}],"replies":[{"embeddable":true,"href":"https:\/\/institucional.ufrrj.br\/acessoainformacao\/wp-json\/wp\/v2\/comments?post=548"}],"version-history":[{"count":12,"href":"https:\/\/institucional.ufrrj.br\/acessoainformacao\/wp-json\/wp\/v2\/pages\/548\/revisions"}],"predecessor-version":[{"id":670,"href":"https:\/\/institucional.ufrrj.br\/acessoainformacao\/wp-json\/wp\/v2\/pages\/548\/revisions\/670"}],"wp:attachment":[{"href":"https:\/\/institucional.ufrrj.br\/acessoainformacao\/wp-json\/wp\/v2\/media?parent=548"}],"curies":[{"name":"wp","href":"https:\/\/api.w.org\/{rel}","templated":true}]}}