{"id":49,"date":"2012-05-07T17:14:14","date_gmt":"2012-05-07T20:14:14","guid":{"rendered":"http:\/\/r1.ufrrj.br\/wp\/acessoainformacao\/"},"modified":"2021-12-16T10:20:51","modified_gmt":"2021-12-16T13:20:51","slug":"despesas","status":"publish","type":"page","link":"https:\/\/institucional.ufrrj.br\/acessoainformacao\/despesas\/","title":{"rendered":"Receitas e Despesas"},"content":{"rendered":"<p>Nesta se\u00e7\u00e3o, s\u00e3o divulgadas informa\u00e7\u00f5es sobre a previs\u00e3o e arrecada\u00e7\u00e3o de receita p\u00fablica e execu\u00e7\u00e3o or\u00e7ament\u00e1ria e financeira detalhada da Universidade Federal Rural do Rio de Janeiro \u2013 UFRRJ.<\/p>\n<p>\u2013 <strong>Receitas da UFRRJ<\/strong><\/p>\n<p>\u2013 <strong>Or\u00e7amento da UFRRJ<\/strong><\/p>\n<p>\u2013 <strong>Execu\u00e7\u00e3o das despesas do or\u00e7amento da UFRRJ<\/strong><\/p>\n<p>\u2013 <strong>Di\u00e1rias e passagens pagas a servidores p\u00fablicos em viagens a trabalho ou a colaboradores eventuais em viagens no interesse da Administra\u00e7\u00e3o<\/strong><\/p>\n<p>&nbsp;<\/p>\n<p><strong>Para encontrar as informa\u00e7\u00f5es sobre receitas da UFRRJ\u00a0 no Portal da Transpar\u00eancia, basta acessar o passo a passo a seguir:<\/strong><\/p>\n<p>1 &#8211; Acessar o Portal da Transpar\u00eancia: <a href=\"http:\/\/transparencia.gov.br\" target=\"_blank\" rel=\"noopener noreferrer\">http:\/\/transparencia.gov.br<\/a>;<\/p>\n<p>2 &#8211; No menu superior, localizar \u201cConsultas Detalhadas\u201d -&gt; \u201cReceitas p\u00fablicas\u201d;<\/p>\n<p>3 &#8211; Utilizar a barra lateral esquerda de filtros para escolher um filtro. Algumas op\u00e7\u00f5es de filtro s\u00e3o: per\u00edodo, \u00f3rg\u00e3o, natureza da receita, e outros.<\/p>\n<p>4 &#8211; Para acessar os dados da Universidade Federal Rural do Rio de Janeiro, no filtro \u201c\u00f3rg\u00e3o\u201d, a sigla UFRRJ;<\/p>\n<p>5 &#8211; Clicar em Consultar.<\/p>\n<hr \/>\n<p><strong>Para encontrar as informa\u00e7\u00f5es sobre or\u00e7amento da despesa da UFRRJ no Portal da Transpar\u00eancia, basta acessar o passo a passo a seguir:<\/strong><\/p>\n<p>1 &#8211; Acessar o Portal da Transpar\u00eancia: <a href=\"http:\/\/transparencia.gov.br\" target=\"_blank\" rel=\"noopener noreferrer\">http:\/\/transparencia.gov.br<\/a>;<\/p>\n<p>2 &#8211; No menu superior, localizar \u201cConsultas Detalhadas\u201d -&gt; \u201cOr\u00e7amento\u201d;<\/p>\n<p>3 &#8211; Na tela seguinte, escolher a op\u00e7\u00e3o &#8220;Or\u00e7amento da despesa&#8221;;<\/p>\n<p>4 &#8211; Utilizar a barra lateral esquerda de filtros para escolher um filtro. Algumas op\u00e7\u00f5es de filtro s\u00e3o: per\u00edodo, \u00f3rg\u00e3o, valor, \u00e1rea de atua\u00e7\u00e3o, natureza da despesa;<\/p>\n<p>5 &#8211; Para acessar os dados da Universidade Federal Rural do Rio de Janeiro, colocar, no filtro \u201c\u00f3rg\u00e3o\u201d, a sigla UFRRJ;<\/p>\n<p>6 &#8211; Clicar em Consultar.<\/p>\n<hr \/>\n<p><strong>Execu\u00e7\u00e3o das Despesas do Or\u00e7amento da UFRRJ<\/strong><\/p>\n<p><strong>Para encontrar as informa\u00e7\u00f5es sobre execu\u00e7\u00e3o das despesas de or\u00e7amento da UFRRJ no Portal da Transpar\u00eancia, basta acessar o passo a passo a seguir:<\/strong><\/p>\n<p>1 &#8211; Acessar o Portal da Transpar\u00eancia: <a href=\"http:\/\/transparencia.gov.br\" target=\"_blank\" rel=\"noopener noreferrer\">http:\/\/transparencia.gov.br<\/a>;<\/p>\n<p>2 &#8211; No menu superior, localizar \u201cConsultas Detalhadas\u201d -&gt; \u201cDespesas P\u00fablicas\u201d;<\/p>\n<p>3 &#8211; Na tela seguinte, escolher a op\u00e7\u00e3o \u201cPela classifica\u00e7\u00e3o cont\u00e1bil da despesa\u201d<\/p>\n<p>4 &#8211; Utilizar a barra lateral esquerda de filtros para escolher um filtro. Algumas op\u00e7\u00f5es de filtro s\u00e3o: per\u00edodo, \u00f3rg\u00e3o, valor, \u00e1rea de atua\u00e7\u00e3o, natureza da despesa.<\/p>\n<p>5 &#8211; Para acessar os dados da Universidade Federal Rural do Rio de Janeiro, colocar, no filtro \u201c\u00f3rg\u00e3o\u201d, a sigla UFRRJ;<\/p>\n<p>6 &#8211; Clicar em Consultar.<\/p>\n<hr \/>\n<p><strong>Di\u00e1rias e Passagens<\/strong><\/p>\n<p>&nbsp;<\/p>\n<p><strong>Para encontrar as informa\u00e7\u00f5es sobre di\u00e1rias e passagens da UFRRJ no Portal da Transpar\u00eancia, basta acessar o passo a passo a seguir:<\/strong><\/p>\n<p>1 &#8211; Acessar o Portal da Transpar\u00eancia: <a href=\"http:\/\/transparencia.gov.br\" target=\"_blank\" rel=\"noopener noreferrer\">http:\/\/transparencia.gov.br<\/a>;<\/p>\n<p>2 &#8211; No menu superior, localizar \u201cConsultas Detalhadas\u201d -&gt; \u201cViagens a servi\u00e7o\u201d;<\/p>\n<p>3 &#8211; Utilizar a barra lateral esquerda de filtros para escolher um filtro. Algumas op\u00e7\u00f5es de filtro s\u00e3o: per\u00edodo, \u00f3rg\u00e3o, pessoa que realizou viagens, tipo de viagem, valor, entre outros.<\/p>\n<p>4 &#8211; Para acessar os dados da Universidade Federal Rural do Rio de Janeiro, colocar, no filtro \u201c\u00f3rg\u00e3o\u201d, a sigla UFRRJ;<\/p>\n<p>5 &#8211; Clicar em Consultar<\/p>\n","protected":false},"excerpt":{"rendered":"<p>Nesta se\u00e7\u00e3o, s\u00e3o divulgadas informa\u00e7\u00f5es sobre a previs\u00e3o e arrecada\u00e7\u00e3o de receita p\u00fablica e execu\u00e7\u00e3o or\u00e7ament\u00e1ria e financeira detalhada da <a class=\"read-more\" href=\"https:\/\/institucional.ufrrj.br\/acessoainformacao\/despesas\/ \" >&#8230; <span class=\"font-italic\">leia mais <i class=\"fas fa-angle-right\"><\/i><\/span><\/a><\/p>\n","protected":false},"author":634,"featured_media":0,"parent":0,"menu_order":0,"comment_status":"open","ping_status":"closed","template":"","meta":{"footnotes":""},"class_list":["post-49","page","type-page","status-publish","hentry"],"yoast_head":"<!-- This site is optimized with the Yoast SEO plugin v27.2 - https:\/\/yoast.com\/product\/yoast-seo-wordpress\/ -->\n<title>Receitas e Despesas - Acesso \u00e0 Informa\u00e7\u00e3o<\/title>\n<meta name=\"robots\" content=\"index, follow, max-snippet:-1, max-image-preview:large, max-video-preview:-1\" \/>\n<link rel=\"canonical\" href=\"https:\/\/institucional.ufrrj.br\/acessoainformacao\/despesas\/\" \/>\n<meta property=\"og:locale\" content=\"pt_BR\" \/>\n<meta property=\"og:type\" content=\"article\" \/>\n<meta property=\"og:title\" content=\"Receitas e Despesas - Acesso \u00e0 Informa\u00e7\u00e3o\" \/>\n<meta property=\"og:description\" content=\"Nesta se\u00e7\u00e3o, s\u00e3o divulgadas informa\u00e7\u00f5es sobre a previs\u00e3o e arrecada\u00e7\u00e3o de receita p\u00fablica e execu\u00e7\u00e3o or\u00e7ament\u00e1ria e financeira detalhada da ... leia mais\" \/>\n<meta property=\"og:url\" content=\"https:\/\/institucional.ufrrj.br\/acessoainformacao\/despesas\/\" \/>\n<meta property=\"og:site_name\" content=\"Acesso \u00e0 Informa\u00e7\u00e3o\" \/>\n<meta property=\"article:modified_time\" content=\"2021-12-16T13:20:51+00:00\" \/>\n<meta name=\"twitter:card\" content=\"summary_large_image\" \/>\n<meta name=\"twitter:label1\" content=\"Est. tempo de leitura\" \/>\n\t<meta name=\"twitter:data1\" content=\"3 minutos\" \/>\n<script type=\"application\/ld+json\" class=\"yoast-schema-graph\">{\"@context\":\"https:\/\/schema.org\",\"@graph\":[{\"@type\":\"WebPage\",\"@id\":\"https:\/\/institucional.ufrrj.br\/acessoainformacao\/despesas\/\",\"url\":\"https:\/\/institucional.ufrrj.br\/acessoainformacao\/despesas\/\",\"name\":\"Receitas e Despesas - Acesso \u00e0 Informa\u00e7\u00e3o\",\"isPartOf\":{\"@id\":\"https:\/\/institucional.ufrrj.br\/acessoainformacao\/#website\"},\"datePublished\":\"2012-05-07T20:14:14+00:00\",\"dateModified\":\"2021-12-16T13:20:51+00:00\",\"breadcrumb\":{\"@id\":\"https:\/\/institucional.ufrrj.br\/acessoainformacao\/despesas\/#breadcrumb\"},\"inLanguage\":\"pt-BR\",\"potentialAction\":[{\"@type\":\"ReadAction\",\"target\":[\"https:\/\/institucional.ufrrj.br\/acessoainformacao\/despesas\/\"]}]},{\"@type\":\"BreadcrumbList\",\"@id\":\"https:\/\/institucional.ufrrj.br\/acessoainformacao\/despesas\/#breadcrumb\",\"itemListElement\":[{\"@type\":\"ListItem\",\"position\":1,\"name\":\"In\u00edcio\",\"item\":\"https:\/\/institucional.ufrrj.br\/acessoainformacao\/\"},{\"@type\":\"ListItem\",\"position\":2,\"name\":\"Receitas e Despesas\"}]},{\"@type\":\"WebSite\",\"@id\":\"https:\/\/institucional.ufrrj.br\/acessoainformacao\/#website\",\"url\":\"https:\/\/institucional.ufrrj.br\/acessoainformacao\/\",\"name\":\"Acesso \u00e0 Informa\u00e7\u00e3o\",\"description\":\"UFRRJ\",\"potentialAction\":[{\"@type\":\"SearchAction\",\"target\":{\"@type\":\"EntryPoint\",\"urlTemplate\":\"https:\/\/institucional.ufrrj.br\/acessoainformacao\/?s={search_term_string}\"},\"query-input\":{\"@type\":\"PropertyValueSpecification\",\"valueRequired\":true,\"valueName\":\"search_term_string\"}}],\"inLanguage\":\"pt-BR\"}]}<\/script>\n<!-- \/ Yoast SEO plugin. -->","yoast_head_json":{"title":"Receitas e Despesas - Acesso \u00e0 Informa\u00e7\u00e3o","robots":{"index":"index","follow":"follow","max-snippet":"max-snippet:-1","max-image-preview":"max-image-preview:large","max-video-preview":"max-video-preview:-1"},"canonical":"https:\/\/institucional.ufrrj.br\/acessoainformacao\/despesas\/","og_locale":"pt_BR","og_type":"article","og_title":"Receitas e Despesas - Acesso \u00e0 Informa\u00e7\u00e3o","og_description":"Nesta se\u00e7\u00e3o, s\u00e3o divulgadas informa\u00e7\u00f5es sobre a previs\u00e3o e arrecada\u00e7\u00e3o de receita p\u00fablica e execu\u00e7\u00e3o or\u00e7ament\u00e1ria e financeira detalhada da ... leia mais","og_url":"https:\/\/institucional.ufrrj.br\/acessoainformacao\/despesas\/","og_site_name":"Acesso \u00e0 Informa\u00e7\u00e3o","article_modified_time":"2021-12-16T13:20:51+00:00","twitter_card":"summary_large_image","twitter_misc":{"Est. tempo de leitura":"3 minutos"},"schema":{"@context":"https:\/\/schema.org","@graph":[{"@type":"WebPage","@id":"https:\/\/institucional.ufrrj.br\/acessoainformacao\/despesas\/","url":"https:\/\/institucional.ufrrj.br\/acessoainformacao\/despesas\/","name":"Receitas e Despesas - Acesso \u00e0 Informa\u00e7\u00e3o","isPartOf":{"@id":"https:\/\/institucional.ufrrj.br\/acessoainformacao\/#website"},"datePublished":"2012-05-07T20:14:14+00:00","dateModified":"2021-12-16T13:20:51+00:00","breadcrumb":{"@id":"https:\/\/institucional.ufrrj.br\/acessoainformacao\/despesas\/#breadcrumb"},"inLanguage":"pt-BR","potentialAction":[{"@type":"ReadAction","target":["https:\/\/institucional.ufrrj.br\/acessoainformacao\/despesas\/"]}]},{"@type":"BreadcrumbList","@id":"https:\/\/institucional.ufrrj.br\/acessoainformacao\/despesas\/#breadcrumb","itemListElement":[{"@type":"ListItem","position":1,"name":"In\u00edcio","item":"https:\/\/institucional.ufrrj.br\/acessoainformacao\/"},{"@type":"ListItem","position":2,"name":"Receitas e Despesas"}]},{"@type":"WebSite","@id":"https:\/\/institucional.ufrrj.br\/acessoainformacao\/#website","url":"https:\/\/institucional.ufrrj.br\/acessoainformacao\/","name":"Acesso \u00e0 Informa\u00e7\u00e3o","description":"UFRRJ","potentialAction":[{"@type":"SearchAction","target":{"@type":"EntryPoint","urlTemplate":"https:\/\/institucional.ufrrj.br\/acessoainformacao\/?s={search_term_string}"},"query-input":{"@type":"PropertyValueSpecification","valueRequired":true,"valueName":"search_term_string"}}],"inLanguage":"pt-BR"}]}},"_links":{"self":[{"href":"https:\/\/institucional.ufrrj.br\/acessoainformacao\/wp-json\/wp\/v2\/pages\/49","targetHints":{"allow":["GET"]}}],"collection":[{"href":"https:\/\/institucional.ufrrj.br\/acessoainformacao\/wp-json\/wp\/v2\/pages"}],"about":[{"href":"https:\/\/institucional.ufrrj.br\/acessoainformacao\/wp-json\/wp\/v2\/types\/page"}],"author":[{"embeddable":true,"href":"https:\/\/institucional.ufrrj.br\/acessoainformacao\/wp-json\/wp\/v2\/users\/634"}],"replies":[{"embeddable":true,"href":"https:\/\/institucional.ufrrj.br\/acessoainformacao\/wp-json\/wp\/v2\/comments?post=49"}],"version-history":[{"count":5,"href":"https:\/\/institucional.ufrrj.br\/acessoainformacao\/wp-json\/wp\/v2\/pages\/49\/revisions"}],"predecessor-version":[{"id":690,"href":"https:\/\/institucional.ufrrj.br\/acessoainformacao\/wp-json\/wp\/v2\/pages\/49\/revisions\/690"}],"wp:attachment":[{"href":"https:\/\/institucional.ufrrj.br\/acessoainformacao\/wp-json\/wp\/v2\/media?parent=49"}],"curies":[{"name":"wp","href":"https:\/\/api.w.org\/{rel}","templated":true}]}}