{"id":447,"date":"2020-07-27T10:18:48","date_gmt":"2020-07-27T13:18:48","guid":{"rendered":"http:\/\/institucional.ufrrj.br\/acessoainformacao\/?page_id=447"},"modified":"2020-07-27T10:18:48","modified_gmt":"2020-07-27T13:18:48","slug":"plano-anual-de-contratacao-pac","status":"publish","type":"page","link":"https:\/\/institucional.ufrrj.br\/acessoainformacao\/plano-anual-de-contratacao-pac\/","title":{"rendered":"Plano Anual de Contrata\u00e7\u00e3o \u2013 PAC"},"content":{"rendered":"<p>O Plano Anual de Contrata\u00e7\u00f5es da UFRRJ para o ano de 2020 pode ser consultado por meio do link: <a href=\"http:\/\/paineldecompras.economia.gov.br\">paineldecompras.economia.gov.br<\/a> -> Plano Anual de Contrata\u00e7\u00f5es -> Consultar pelo \u00edcone c\u00f3digo\/nome da UASG: 153166 \u2013 UFRRJ PAC no Portal Transpar\u00eancia Universidade Federal Rural do Rio de Janeiro<\/p>\n","protected":false},"excerpt":{"rendered":"<p>O Plano Anual de Contrata\u00e7\u00f5es da UFRRJ para o ano de 2020 pode ser consultado por meio do link: paineldecompras.economia.gov.br <a class=\"read-more\" href=\"https:\/\/institucional.ufrrj.br\/acessoainformacao\/plano-anual-de-contratacao-pac\/ \" >&#8230; <span class=\"font-italic\">leia mais <i class=\"fas fa-angle-right\"><\/i><\/span><\/a><\/p>\n","protected":false},"author":634,"featured_media":0,"parent":0,"menu_order":0,"comment_status":"closed","ping_status":"closed","template":"","meta":{"footnotes":""},"class_list":["post-447","page","type-page","status-publish","hentry"],"yoast_head":"<!-- This site is optimized with the Yoast SEO plugin v27.2 - https:\/\/yoast.com\/product\/yoast-seo-wordpress\/ -->\n<title>Plano Anual de Contrata\u00e7\u00e3o \u2013 PAC - Acesso \u00e0 Informa\u00e7\u00e3o<\/title>\n<meta name=\"robots\" content=\"index, follow, max-snippet:-1, max-image-preview:large, max-video-preview:-1\" \/>\n<link rel=\"canonical\" href=\"https:\/\/institucional.ufrrj.br\/acessoainformacao\/plano-anual-de-contratacao-pac\/\" \/>\n<meta property=\"og:locale\" content=\"pt_BR\" \/>\n<meta property=\"og:type\" content=\"article\" \/>\n<meta property=\"og:title\" content=\"Plano Anual de Contrata\u00e7\u00e3o \u2013 PAC - Acesso \u00e0 Informa\u00e7\u00e3o\" \/>\n<meta property=\"og:description\" content=\"O Plano Anual de Contrata\u00e7\u00f5es da UFRRJ para o ano de 2020 pode ser consultado por meio do link: paineldecompras.economia.gov.br ... leia mais\" \/>\n<meta property=\"og:url\" content=\"https:\/\/institucional.ufrrj.br\/acessoainformacao\/plano-anual-de-contratacao-pac\/\" \/>\n<meta property=\"og:site_name\" content=\"Acesso \u00e0 Informa\u00e7\u00e3o\" \/>\n<meta name=\"twitter:card\" content=\"summary_large_image\" \/>\n<script type=\"application\/ld+json\" class=\"yoast-schema-graph\">{\"@context\":\"https:\/\/schema.org\",\"@graph\":[{\"@type\":\"WebPage\",\"@id\":\"https:\/\/institucional.ufrrj.br\/acessoainformacao\/plano-anual-de-contratacao-pac\/\",\"url\":\"https:\/\/institucional.ufrrj.br\/acessoainformacao\/plano-anual-de-contratacao-pac\/\",\"name\":\"Plano Anual de Contrata\u00e7\u00e3o \u2013 PAC - Acesso \u00e0 Informa\u00e7\u00e3o\",\"isPartOf\":{\"@id\":\"https:\/\/institucional.ufrrj.br\/acessoainformacao\/#website\"},\"datePublished\":\"2020-07-27T13:18:48+00:00\",\"breadcrumb\":{\"@id\":\"https:\/\/institucional.ufrrj.br\/acessoainformacao\/plano-anual-de-contratacao-pac\/#breadcrumb\"},\"inLanguage\":\"pt-BR\",\"potentialAction\":[{\"@type\":\"ReadAction\",\"target\":[\"https:\/\/institucional.ufrrj.br\/acessoainformacao\/plano-anual-de-contratacao-pac\/\"]}]},{\"@type\":\"BreadcrumbList\",\"@id\":\"https:\/\/institucional.ufrrj.br\/acessoainformacao\/plano-anual-de-contratacao-pac\/#breadcrumb\",\"itemListElement\":[{\"@type\":\"ListItem\",\"position\":1,\"name\":\"In\u00edcio\",\"item\":\"https:\/\/institucional.ufrrj.br\/acessoainformacao\/\"},{\"@type\":\"ListItem\",\"position\":2,\"name\":\"Plano Anual de Contrata\u00e7\u00e3o \u2013 PAC\"}]},{\"@type\":\"WebSite\",\"@id\":\"https:\/\/institucional.ufrrj.br\/acessoainformacao\/#website\",\"url\":\"https:\/\/institucional.ufrrj.br\/acessoainformacao\/\",\"name\":\"Acesso \u00e0 Informa\u00e7\u00e3o\",\"description\":\"UFRRJ\",\"potentialAction\":[{\"@type\":\"SearchAction\",\"target\":{\"@type\":\"EntryPoint\",\"urlTemplate\":\"https:\/\/institucional.ufrrj.br\/acessoainformacao\/?s={search_term_string}\"},\"query-input\":{\"@type\":\"PropertyValueSpecification\",\"valueRequired\":true,\"valueName\":\"search_term_string\"}}],\"inLanguage\":\"pt-BR\"}]}<\/script>\n<!-- \/ Yoast SEO plugin. -->","yoast_head_json":{"title":"Plano Anual de Contrata\u00e7\u00e3o \u2013 PAC - Acesso \u00e0 Informa\u00e7\u00e3o","robots":{"index":"index","follow":"follow","max-snippet":"max-snippet:-1","max-image-preview":"max-image-preview:large","max-video-preview":"max-video-preview:-1"},"canonical":"https:\/\/institucional.ufrrj.br\/acessoainformacao\/plano-anual-de-contratacao-pac\/","og_locale":"pt_BR","og_type":"article","og_title":"Plano Anual de Contrata\u00e7\u00e3o \u2013 PAC - Acesso \u00e0 Informa\u00e7\u00e3o","og_description":"O Plano Anual de Contrata\u00e7\u00f5es da UFRRJ para o ano de 2020 pode ser consultado por meio do link: paineldecompras.economia.gov.br ... leia mais","og_url":"https:\/\/institucional.ufrrj.br\/acessoainformacao\/plano-anual-de-contratacao-pac\/","og_site_name":"Acesso \u00e0 Informa\u00e7\u00e3o","twitter_card":"summary_large_image","schema":{"@context":"https:\/\/schema.org","@graph":[{"@type":"WebPage","@id":"https:\/\/institucional.ufrrj.br\/acessoainformacao\/plano-anual-de-contratacao-pac\/","url":"https:\/\/institucional.ufrrj.br\/acessoainformacao\/plano-anual-de-contratacao-pac\/","name":"Plano Anual de Contrata\u00e7\u00e3o \u2013 PAC - Acesso \u00e0 Informa\u00e7\u00e3o","isPartOf":{"@id":"https:\/\/institucional.ufrrj.br\/acessoainformacao\/#website"},"datePublished":"2020-07-27T13:18:48+00:00","breadcrumb":{"@id":"https:\/\/institucional.ufrrj.br\/acessoainformacao\/plano-anual-de-contratacao-pac\/#breadcrumb"},"inLanguage":"pt-BR","potentialAction":[{"@type":"ReadAction","target":["https:\/\/institucional.ufrrj.br\/acessoainformacao\/plano-anual-de-contratacao-pac\/"]}]},{"@type":"BreadcrumbList","@id":"https:\/\/institucional.ufrrj.br\/acessoainformacao\/plano-anual-de-contratacao-pac\/#breadcrumb","itemListElement":[{"@type":"ListItem","position":1,"name":"In\u00edcio","item":"https:\/\/institucional.ufrrj.br\/acessoainformacao\/"},{"@type":"ListItem","position":2,"name":"Plano Anual de Contrata\u00e7\u00e3o \u2013 PAC"}]},{"@type":"WebSite","@id":"https:\/\/institucional.ufrrj.br\/acessoainformacao\/#website","url":"https:\/\/institucional.ufrrj.br\/acessoainformacao\/","name":"Acesso \u00e0 Informa\u00e7\u00e3o","description":"UFRRJ","potentialAction":[{"@type":"SearchAction","target":{"@type":"EntryPoint","urlTemplate":"https:\/\/institucional.ufrrj.br\/acessoainformacao\/?s={search_term_string}"},"query-input":{"@type":"PropertyValueSpecification","valueRequired":true,"valueName":"search_term_string"}}],"inLanguage":"pt-BR"}]}},"_links":{"self":[{"href":"https:\/\/institucional.ufrrj.br\/acessoainformacao\/wp-json\/wp\/v2\/pages\/447","targetHints":{"allow":["GET"]}}],"collection":[{"href":"https:\/\/institucional.ufrrj.br\/acessoainformacao\/wp-json\/wp\/v2\/pages"}],"about":[{"href":"https:\/\/institucional.ufrrj.br\/acessoainformacao\/wp-json\/wp\/v2\/types\/page"}],"author":[{"embeddable":true,"href":"https:\/\/institucional.ufrrj.br\/acessoainformacao\/wp-json\/wp\/v2\/users\/634"}],"replies":[{"embeddable":true,"href":"https:\/\/institucional.ufrrj.br\/acessoainformacao\/wp-json\/wp\/v2\/comments?post=447"}],"version-history":[{"count":1,"href":"https:\/\/institucional.ufrrj.br\/acessoainformacao\/wp-json\/wp\/v2\/pages\/447\/revisions"}],"predecessor-version":[{"id":448,"href":"https:\/\/institucional.ufrrj.br\/acessoainformacao\/wp-json\/wp\/v2\/pages\/447\/revisions\/448"}],"wp:attachment":[{"href":"https:\/\/institucional.ufrrj.br\/acessoainformacao\/wp-json\/wp\/v2\/media?parent=447"}],"curies":[{"name":"wp","href":"https:\/\/api.w.org\/{rel}","templated":true}]}}