{"id":435,"date":"2020-07-24T14:40:01","date_gmt":"2020-07-24T17:40:01","guid":{"rendered":"http:\/\/institucional.ufrrj.br\/acessoainformacao\/?page_id=435"},"modified":"2023-02-07T13:46:25","modified_gmt":"2023-02-07T16:46:25","slug":"servidores","status":"publish","type":"page","link":"https:\/\/institucional.ufrrj.br\/acessoainformacao\/servidores\/","title":{"rendered":"Servidores"},"content":{"rendered":"\n<p>Nesta se\u00e7\u00e3o s\u00e3o divulgadas informa\u00e7\u00f5es sobre concursos p\u00fablicos de provimento de cargos e rela\u00e7\u00e3o dos servidores p\u00fablicos lotados ou em exerc\u00edcio na Universidade Federal Rural do Rio de Janeiro &#8211; UFRRJ.<\/p>\n\n\n\n<p><a href=\"http:\/\/www.portaltransparencia.gov.br\/servidores\/consulta?orgaosServidorExercicio=OR26249&amp;ordenarPor=nome&amp;direcao=asc&amp;minifiedPath=%2Fminified&amp;projectVersion=1.44.2&amp;configAmbiente=producao&amp;currentTime=21%2F10%2F2020+11%3A09\">Servidores em exerc\u00edcio na UFRRJ<\/a><\/p>\n\n\n\n<p><a href=\"http:\/\/www.portaltransparencia.gov.br\/url\/c993691a\">Portal da Transpar\u00eancia<\/a><\/p>\n\n\n\n<p><a href=\"http:\/\/www.portaltransparencia.gov.br\/url\/b5c55547\">Servidores UFRRJ por tipo de v\u00ednculo<\/a><\/p>\n\n\n\n<p><a href=\"https:\/\/servicos.ufrrj.br\/concursos\/\">Editais de Concursos P\u00fablicos da UFRRJ<\/a><\/p>\n\n\n\n<p><a href=\"https:\/\/servicos.ufrrj.br\/concursos\/\">https:\/\/servicos.ufrrj.br\/concursos\/<\/a><\/p>\n\n\n\n<h2 class=\"wp-block-heading\"><strong>Servidores Terceirizados<\/strong><\/h2>\n\n\n\n<p>Terceiriza\u00e7\u00e3o de m\u00e3o de obra empregada nas atividades da UFRRJ. Essas informa\u00e7\u00f5es constam do&nbsp;relat\u00f3rio quadrimestral encaminhado \u00e1 CGU (fevereiro-maio 2022).<\/p>\n\n\n\n<div class=\"wp-block-file\"><a id=\"wp-block-file--media-60ecf314-3670-4198-8fef-3f5619420866\" href=\"https:\/\/institucional.ufrrj.br\/acessoainformacao\/files\/2023\/02\/Relao_Terceirtizados_CGU_Outubro2020-Auditoria.xlsx\">Arquivo Servidores Terceirizados<\/a><a href=\"https:\/\/institucional.ufrrj.br\/acessoainformacao\/files\/2023\/02\/Relao_Terceirtizados_CGU_Outubro2020-Auditoria.xlsx\" class=\"wp-block-file__button wp-element-button\" download aria-describedby=\"wp-block-file--media-60ecf314-3670-4198-8fef-3f5619420866\">Baixar<\/a><\/div>\n\n\n\n<h2 class=\"wp-block-heading\"><strong>Quantitativo de vagas T\u00e9cnicos &#8211; Administrativos e Docentes<\/strong><\/h2>\n\n\n\n<p><strong>T\u00e9cnicos Administrativo<\/strong><\/p>\n\n\n\n<p><a href=\"https:\/\/portal.ufrrj.br\/wp-content\/uploads\/2021\/01\/Quantitativo-de-Vagas-Janeiro-2021-1.pdf\">Tabela de cargos ocupados e vagos da carreira de T\u00e9cnico-Administrativos da UFRRJ \u2013 Janeiro 2021<\/a><\/p>\n\n\n\n<h2 class=\"wp-block-heading\"><strong>Banco de Professor-equivalente da UFRRJ (Par\u00e2metros atualizados pela Portaria Interministerial n\u00ba 399\/2016)<\/strong><\/h2>\n\n\n\n<p><a href=\"https:\/\/portal.ufrrj.br\/wp-content\/uploads\/2021\/01\/BANCO-DE-PROFESSOR-EQUIVALENTE-DA-UFRRJ-JANEIRO-2021.pdf\"> Banco de Professor Equivalente da UFRRJ \u2013 Janeiro de 2021<\/a><\/p>\n\n\n\n<p>A rela\u00e7\u00e3o de cargos ocupados e vagos de todos os \u00f3rg\u00e3os do Poder Executivo Federal est\u00e3o publicados em dados abertos e atualizados mensalmente por meio do link: <a href=\"http:\/\/dados.gov.br\/dataset\/servidores-executivo-federal-cargos-vagos\">Clique aqui para acessar o link <\/a><\/p>\n\n\n\n<p>A rela\u00e7\u00e3o de cargos ocupados e vagos de todos os \u00f3rg\u00e3os do Poder Executivo Federal est\u00e3o publicados em dados abertos e atualizados mensalmente por meio do link: <a href=\"http:\/\/dados.gov.br\/dataset\/servidores-executivo-federal-cargos-vagos\">http:\/\/dados.gov.br\/dataset\/servidores-executivo-federal-cargos-vagos<\/a><\/p>\n\n\n\n<p><strong>As informa\u00e7\u00f5es sobre os servidores da UFRRJ s\u00e3o obtidas por meio do Portal da Transpar\u00eancia, conforme o seguinte passo a passo:<\/strong><\/p>\n\n\n\n<p>1\u00ba) Acessar o link do Portal da Transpar\u00eancia (<a href=\"http:\/\/www.portaltransparencia.gov.br\/\">http:\/\/www.portaltransparencia.gov.br\/<\/a>);<\/p>\n\n\n\n<p>2\u00ba) No Menu Superior, acesse &#8220;Consultas Detalhadas&#8221; -&gt; &#8220;Servidores P\u00fablicos&#8221; -&gt; &#8220;Por \u00f3rg\u00e3o&#8221;<\/p>\n\n\n\n<p>3\u00ba) Utilizar a barra lateral esquerda de filtros para adicionar um filtro de \u00d3rg\u00e3o\/Entidade\/Unidade Organizacional de Lota\u00e7\u00e3o (SIAPE). Pode ser utilizado o c\u00f3digo de \u00d3rg\u00e3o SIAPE ou o nome do \u00f3rg\u00e3o;<\/p>\n\n\n\n<p>\u00d3rg\u00e3o \/ Entidade \/ Uorg Exerc\u00edcio: 26249 &#8211; Universidade Federal Rural do Rio de Janeiro<\/p>\n\n\n\n<p>4\u00ba) Clicar no bot\u00e3o &#8220;Adicionar&#8221;; e<\/p>\n\n\n\n<p>5\u00ba) Clicar em &#8220;Consultar&#8221; e os dados ser\u00e3o mostrados na tela.<\/p>\n\n\n\n<p>O Portal da Transpar\u00eancia do Governo Federal permite v\u00e1rios outros tipos de consultas sobre os \u00f3rg\u00e3os da Administra\u00e7\u00e3o P\u00fablica Federal e possui uma se\u00e7\u00e3o de Perguntas Frequentes, bem como um Gloss\u00e1rio e um Manual de Navega\u00e7\u00e3o.<\/p>\n\n\n\n<p>Para dirimir d\u00favidas? Envie e-mail para <strong>sicufrrj@ufrrj.br<\/strong><\/p>\n","protected":false},"excerpt":{"rendered":"<p>Nesta se\u00e7\u00e3o s\u00e3o divulgadas informa\u00e7\u00f5es sobre concursos p\u00fablicos de provimento de cargos e rela\u00e7\u00e3o dos servidores p\u00fablicos lotados ou em <a class=\"read-more\" href=\"https:\/\/institucional.ufrrj.br\/acessoainformacao\/servidores\/ \" >&#8230; <span class=\"font-italic\">leia mais <i class=\"fas fa-angle-right\"><\/i><\/span><\/a><\/p>\n","protected":false},"author":634,"featured_media":0,"parent":0,"menu_order":0,"comment_status":"closed","ping_status":"closed","template":"","meta":{"footnotes":""},"class_list":["post-435","page","type-page","status-publish","hentry"],"yoast_head":"<!-- This site is optimized with the Yoast SEO plugin v27.2 - https:\/\/yoast.com\/product\/yoast-seo-wordpress\/ -->\n<title>Servidores - Acesso \u00e0 Informa\u00e7\u00e3o<\/title>\n<meta name=\"robots\" content=\"index, follow, max-snippet:-1, max-image-preview:large, max-video-preview:-1\" \/>\n<link rel=\"canonical\" href=\"https:\/\/institucional.ufrrj.br\/acessoainformacao\/servidores\/\" \/>\n<meta property=\"og:locale\" content=\"pt_BR\" \/>\n<meta property=\"og:type\" content=\"article\" \/>\n<meta property=\"og:title\" content=\"Servidores - Acesso \u00e0 Informa\u00e7\u00e3o\" \/>\n<meta property=\"og:description\" content=\"Nesta se\u00e7\u00e3o s\u00e3o divulgadas informa\u00e7\u00f5es sobre concursos p\u00fablicos de provimento de cargos e rela\u00e7\u00e3o dos servidores p\u00fablicos lotados ou em ... leia mais\" \/>\n<meta property=\"og:url\" content=\"https:\/\/institucional.ufrrj.br\/acessoainformacao\/servidores\/\" \/>\n<meta property=\"og:site_name\" content=\"Acesso \u00e0 Informa\u00e7\u00e3o\" \/>\n<meta property=\"article:modified_time\" content=\"2023-02-07T16:46:25+00:00\" \/>\n<meta name=\"twitter:card\" content=\"summary_large_image\" \/>\n<meta name=\"twitter:label1\" content=\"Est. tempo de leitura\" \/>\n\t<meta name=\"twitter:data1\" content=\"2 minutos\" \/>\n<script type=\"application\/ld+json\" class=\"yoast-schema-graph\">{\"@context\":\"https:\/\/schema.org\",\"@graph\":[{\"@type\":\"WebPage\",\"@id\":\"https:\/\/institucional.ufrrj.br\/acessoainformacao\/servidores\/\",\"url\":\"https:\/\/institucional.ufrrj.br\/acessoainformacao\/servidores\/\",\"name\":\"Servidores - Acesso \u00e0 Informa\u00e7\u00e3o\",\"isPartOf\":{\"@id\":\"https:\/\/institucional.ufrrj.br\/acessoainformacao\/#website\"},\"datePublished\":\"2020-07-24T17:40:01+00:00\",\"dateModified\":\"2023-02-07T16:46:25+00:00\",\"breadcrumb\":{\"@id\":\"https:\/\/institucional.ufrrj.br\/acessoainformacao\/servidores\/#breadcrumb\"},\"inLanguage\":\"pt-BR\",\"potentialAction\":[{\"@type\":\"ReadAction\",\"target\":[\"https:\/\/institucional.ufrrj.br\/acessoainformacao\/servidores\/\"]}]},{\"@type\":\"BreadcrumbList\",\"@id\":\"https:\/\/institucional.ufrrj.br\/acessoainformacao\/servidores\/#breadcrumb\",\"itemListElement\":[{\"@type\":\"ListItem\",\"position\":1,\"name\":\"In\u00edcio\",\"item\":\"https:\/\/institucional.ufrrj.br\/acessoainformacao\/\"},{\"@type\":\"ListItem\",\"position\":2,\"name\":\"Servidores\"}]},{\"@type\":\"WebSite\",\"@id\":\"https:\/\/institucional.ufrrj.br\/acessoainformacao\/#website\",\"url\":\"https:\/\/institucional.ufrrj.br\/acessoainformacao\/\",\"name\":\"Acesso \u00e0 Informa\u00e7\u00e3o\",\"description\":\"UFRRJ\",\"potentialAction\":[{\"@type\":\"SearchAction\",\"target\":{\"@type\":\"EntryPoint\",\"urlTemplate\":\"https:\/\/institucional.ufrrj.br\/acessoainformacao\/?s={search_term_string}\"},\"query-input\":{\"@type\":\"PropertyValueSpecification\",\"valueRequired\":true,\"valueName\":\"search_term_string\"}}],\"inLanguage\":\"pt-BR\"}]}<\/script>\n<!-- \/ Yoast SEO plugin. -->","yoast_head_json":{"title":"Servidores - Acesso \u00e0 Informa\u00e7\u00e3o","robots":{"index":"index","follow":"follow","max-snippet":"max-snippet:-1","max-image-preview":"max-image-preview:large","max-video-preview":"max-video-preview:-1"},"canonical":"https:\/\/institucional.ufrrj.br\/acessoainformacao\/servidores\/","og_locale":"pt_BR","og_type":"article","og_title":"Servidores - Acesso \u00e0 Informa\u00e7\u00e3o","og_description":"Nesta se\u00e7\u00e3o s\u00e3o divulgadas informa\u00e7\u00f5es sobre concursos p\u00fablicos de provimento de cargos e rela\u00e7\u00e3o dos servidores p\u00fablicos lotados ou em ... leia mais","og_url":"https:\/\/institucional.ufrrj.br\/acessoainformacao\/servidores\/","og_site_name":"Acesso \u00e0 Informa\u00e7\u00e3o","article_modified_time":"2023-02-07T16:46:25+00:00","twitter_card":"summary_large_image","twitter_misc":{"Est. tempo de leitura":"2 minutos"},"schema":{"@context":"https:\/\/schema.org","@graph":[{"@type":"WebPage","@id":"https:\/\/institucional.ufrrj.br\/acessoainformacao\/servidores\/","url":"https:\/\/institucional.ufrrj.br\/acessoainformacao\/servidores\/","name":"Servidores - Acesso \u00e0 Informa\u00e7\u00e3o","isPartOf":{"@id":"https:\/\/institucional.ufrrj.br\/acessoainformacao\/#website"},"datePublished":"2020-07-24T17:40:01+00:00","dateModified":"2023-02-07T16:46:25+00:00","breadcrumb":{"@id":"https:\/\/institucional.ufrrj.br\/acessoainformacao\/servidores\/#breadcrumb"},"inLanguage":"pt-BR","potentialAction":[{"@type":"ReadAction","target":["https:\/\/institucional.ufrrj.br\/acessoainformacao\/servidores\/"]}]},{"@type":"BreadcrumbList","@id":"https:\/\/institucional.ufrrj.br\/acessoainformacao\/servidores\/#breadcrumb","itemListElement":[{"@type":"ListItem","position":1,"name":"In\u00edcio","item":"https:\/\/institucional.ufrrj.br\/acessoainformacao\/"},{"@type":"ListItem","position":2,"name":"Servidores"}]},{"@type":"WebSite","@id":"https:\/\/institucional.ufrrj.br\/acessoainformacao\/#website","url":"https:\/\/institucional.ufrrj.br\/acessoainformacao\/","name":"Acesso \u00e0 Informa\u00e7\u00e3o","description":"UFRRJ","potentialAction":[{"@type":"SearchAction","target":{"@type":"EntryPoint","urlTemplate":"https:\/\/institucional.ufrrj.br\/acessoainformacao\/?s={search_term_string}"},"query-input":{"@type":"PropertyValueSpecification","valueRequired":true,"valueName":"search_term_string"}}],"inLanguage":"pt-BR"}]}},"_links":{"self":[{"href":"https:\/\/institucional.ufrrj.br\/acessoainformacao\/wp-json\/wp\/v2\/pages\/435","targetHints":{"allow":["GET"]}}],"collection":[{"href":"https:\/\/institucional.ufrrj.br\/acessoainformacao\/wp-json\/wp\/v2\/pages"}],"about":[{"href":"https:\/\/institucional.ufrrj.br\/acessoainformacao\/wp-json\/wp\/v2\/types\/page"}],"author":[{"embeddable":true,"href":"https:\/\/institucional.ufrrj.br\/acessoainformacao\/wp-json\/wp\/v2\/users\/634"}],"replies":[{"embeddable":true,"href":"https:\/\/institucional.ufrrj.br\/acessoainformacao\/wp-json\/wp\/v2\/comments?post=435"}],"version-history":[{"count":16,"href":"https:\/\/institucional.ufrrj.br\/acessoainformacao\/wp-json\/wp\/v2\/pages\/435\/revisions"}],"predecessor-version":[{"id":650,"href":"https:\/\/institucional.ufrrj.br\/acessoainformacao\/wp-json\/wp\/v2\/pages\/435\/revisions\/650"}],"wp:attachment":[{"href":"https:\/\/institucional.ufrrj.br\/acessoainformacao\/wp-json\/wp\/v2\/media?parent=435"}],"curies":[{"name":"wp","href":"https:\/\/api.w.org\/{rel}","templated":true}]}}