{"id":414,"date":"2020-07-23T13:53:37","date_gmt":"2020-07-23T16:53:37","guid":{"rendered":"http:\/\/institucional.ufrrj.br\/acessoainformacao\/?page_id=414"},"modified":"2020-07-23T13:53:37","modified_gmt":"2020-07-23T16:53:37","slug":"sobre-a-ufrrj","status":"publish","type":"page","link":"https:\/\/institucional.ufrrj.br\/acessoainformacao\/sobre-a-ufrrj\/","title":{"rendered":"Sobre a UFRRJ"},"content":{"rendered":"<p>A UFRRJ \u00e9 uma institui\u00e7\u00e3o p\u00fablica, gratuita, centen\u00e1ria, multicampi e multidisciplinar, com atua\u00e7\u00e3o nos segmentos do ensino superior, m\u00e9dio, t\u00e9cnico e tecnol\u00f3gico, destinada ao desenvolvimento de atividades de forma\u00e7\u00e3o do ser humano para a pr\u00e1tica intelectual e profissional. Ao longo dos seus 107 anos, a universidade tornou-se uma das refer\u00eancias nacionais na \u00e1rea de ci\u00eancias agr\u00e1rias, \u00e1rea que deu origem \u00e0 institui\u00e7\u00e3o, mas a partir dos anos de 1970, passou a ofertar cursos nas diversas \u00e1reas do conhecimento, proporcionando \u00e0 sociedade o acesso ao conhecimento, dentro de um ambiente democr\u00e1tico, que respeita as cren\u00e7as religiosas, os valores e conquistas sociais, e repudia qualquer forma de discrimina\u00e7\u00e3o ou preconceito, conforme previstos na Constitui\u00e7\u00e3o Federal de 1988.<\/p>\n<p><strong>MISS\u00c3O<\/strong><\/p>\n<p>A miss\u00e3o da UFRRJ \u00e9: \u201cGerar, sistematizar, socializar e aplicar o saber cient\u00edfico, tecnol\u00f3gico, filos\u00f3fico e<br \/>\nart\u00edstico, atrav\u00e9s do ensino, da pesquisa e da extens\u00e3o, indissociavelmente articulados,<br \/>\nampliando e aprofundando a forma\u00e7\u00e3o do ser humano para o exerc\u00edcio profissional, a reflex\u00e3ocr\u00edtica, a solidariedade nacional e internacional, na perspectiva da constru\u00e7\u00e3o de uma sociedadejusta e democr\u00e1tica e na valoriza\u00e7\u00e3o da paz e da qualidade de vida\u201d.<\/p>\n<p><strong>PRINC\u00cdPIOS<\/strong><\/p>\n<p>Os princ\u00edpios da UFRRJ s\u00e3o:<\/p>\n<p>I \u2013 Excel\u00eancia acad\u00eamica nas ci\u00eancias, tecnologia, artes e humanidades;<br \/>\nII \u2013 \u00canfase \u00e0 quest\u00e3o socioambiental na forma\u00e7\u00e3o profissional e cidad\u00e3;<br \/>\nIII \u2013 Respeito \u00e0 diversidade cultural, intelectual, art\u00edstica, institucional, pol\u00edtica e<br \/>\nreligiosa;<br \/>\nIV \u2013 Respeito \u00e0s pessoas e \u00e0s diferen\u00e7as individuais;<br \/>\nV \u2013 Compromisso com a valoriza\u00e7\u00e3o e com a promo\u00e7\u00e3o do desenvolvimento de rela\u00e7\u00f5es<br \/>\nhumanas solid\u00e1rias;<br \/>\nVI \u2013 Compromisso com a democracia pol\u00edtica com justi\u00e7a social;<br \/>\nVII \u2013 Compromisso com a melhoria das condi\u00e7\u00f5es democr\u00e1ticas de acesso e<br \/>\nperman\u00eancia nos seus diversos cursos;<br \/>\nVIII \u2013 Compromisso com a forma\u00e7\u00e3o de profissionais-cidad\u00e3os qualificados, cr\u00edticos e<br \/>\nsocialmente engajados;<br \/>\nIX \u2013 Gest\u00e3o democr\u00e1tica, transparente, participativa e descentralizada.<\/p>\n<p><strong>HIST\u00d3RIA<\/strong><\/p>\n<p><a href=\"http:\/\/institucional.ufrrj.br\/ccs\/historia-da-ufrrj\/\">http:\/\/institucional.ufrrj.br\/ccs\/historia-da-ufrrj\/<\/a><\/p>\n","protected":false},"excerpt":{"rendered":"<p>A UFRRJ \u00e9 uma institui\u00e7\u00e3o p\u00fablica, gratuita, centen\u00e1ria, multicampi e multidisciplinar, com atua\u00e7\u00e3o nos segmentos do ensino superior, m\u00e9dio, t\u00e9cnico <a class=\"read-more\" href=\"https:\/\/institucional.ufrrj.br\/acessoainformacao\/sobre-a-ufrrj\/ \" >&#8230; <span class=\"font-italic\">leia mais <i class=\"fas fa-angle-right\"><\/i><\/span><\/a><\/p>\n","protected":false},"author":634,"featured_media":0,"parent":0,"menu_order":0,"comment_status":"closed","ping_status":"closed","template":"","meta":{"footnotes":""},"class_list":["post-414","page","type-page","status-publish","hentry"],"yoast_head":"<!-- This site is optimized with the Yoast SEO plugin v27.2 - https:\/\/yoast.com\/product\/yoast-seo-wordpress\/ -->\n<title>Sobre a UFRRJ - Acesso \u00e0 Informa\u00e7\u00e3o<\/title>\n<meta name=\"robots\" content=\"index, follow, max-snippet:-1, max-image-preview:large, max-video-preview:-1\" \/>\n<link rel=\"canonical\" href=\"https:\/\/institucional.ufrrj.br\/acessoainformacao\/sobre-a-ufrrj\/\" \/>\n<meta property=\"og:locale\" content=\"pt_BR\" \/>\n<meta property=\"og:type\" content=\"article\" \/>\n<meta property=\"og:title\" content=\"Sobre a UFRRJ - Acesso \u00e0 Informa\u00e7\u00e3o\" \/>\n<meta property=\"og:description\" content=\"A UFRRJ \u00e9 uma institui\u00e7\u00e3o p\u00fablica, gratuita, centen\u00e1ria, multicampi e multidisciplinar, com atua\u00e7\u00e3o nos segmentos do ensino superior, m\u00e9dio, t\u00e9cnico ... leia mais\" \/>\n<meta property=\"og:url\" content=\"https:\/\/institucional.ufrrj.br\/acessoainformacao\/sobre-a-ufrrj\/\" \/>\n<meta property=\"og:site_name\" content=\"Acesso \u00e0 Informa\u00e7\u00e3o\" \/>\n<meta name=\"twitter:card\" content=\"summary_large_image\" \/>\n<meta name=\"twitter:label1\" content=\"Est. tempo de leitura\" \/>\n\t<meta name=\"twitter:data1\" content=\"2 minutos\" \/>\n<script type=\"application\/ld+json\" class=\"yoast-schema-graph\">{\"@context\":\"https:\/\/schema.org\",\"@graph\":[{\"@type\":\"WebPage\",\"@id\":\"https:\/\/institucional.ufrrj.br\/acessoainformacao\/sobre-a-ufrrj\/\",\"url\":\"https:\/\/institucional.ufrrj.br\/acessoainformacao\/sobre-a-ufrrj\/\",\"name\":\"Sobre a UFRRJ - Acesso \u00e0 Informa\u00e7\u00e3o\",\"isPartOf\":{\"@id\":\"https:\/\/institucional.ufrrj.br\/acessoainformacao\/#website\"},\"datePublished\":\"2020-07-23T16:53:37+00:00\",\"breadcrumb\":{\"@id\":\"https:\/\/institucional.ufrrj.br\/acessoainformacao\/sobre-a-ufrrj\/#breadcrumb\"},\"inLanguage\":\"pt-BR\",\"potentialAction\":[{\"@type\":\"ReadAction\",\"target\":[\"https:\/\/institucional.ufrrj.br\/acessoainformacao\/sobre-a-ufrrj\/\"]}]},{\"@type\":\"BreadcrumbList\",\"@id\":\"https:\/\/institucional.ufrrj.br\/acessoainformacao\/sobre-a-ufrrj\/#breadcrumb\",\"itemListElement\":[{\"@type\":\"ListItem\",\"position\":1,\"name\":\"In\u00edcio\",\"item\":\"https:\/\/institucional.ufrrj.br\/acessoainformacao\/\"},{\"@type\":\"ListItem\",\"position\":2,\"name\":\"Sobre a UFRRJ\"}]},{\"@type\":\"WebSite\",\"@id\":\"https:\/\/institucional.ufrrj.br\/acessoainformacao\/#website\",\"url\":\"https:\/\/institucional.ufrrj.br\/acessoainformacao\/\",\"name\":\"Acesso \u00e0 Informa\u00e7\u00e3o\",\"description\":\"UFRRJ\",\"potentialAction\":[{\"@type\":\"SearchAction\",\"target\":{\"@type\":\"EntryPoint\",\"urlTemplate\":\"https:\/\/institucional.ufrrj.br\/acessoainformacao\/?s={search_term_string}\"},\"query-input\":{\"@type\":\"PropertyValueSpecification\",\"valueRequired\":true,\"valueName\":\"search_term_string\"}}],\"inLanguage\":\"pt-BR\"}]}<\/script>\n<!-- \/ Yoast SEO plugin. -->","yoast_head_json":{"title":"Sobre a UFRRJ - Acesso \u00e0 Informa\u00e7\u00e3o","robots":{"index":"index","follow":"follow","max-snippet":"max-snippet:-1","max-image-preview":"max-image-preview:large","max-video-preview":"max-video-preview:-1"},"canonical":"https:\/\/institucional.ufrrj.br\/acessoainformacao\/sobre-a-ufrrj\/","og_locale":"pt_BR","og_type":"article","og_title":"Sobre a UFRRJ - Acesso \u00e0 Informa\u00e7\u00e3o","og_description":"A UFRRJ \u00e9 uma institui\u00e7\u00e3o p\u00fablica, gratuita, centen\u00e1ria, multicampi e multidisciplinar, com atua\u00e7\u00e3o nos segmentos do ensino superior, m\u00e9dio, t\u00e9cnico ... leia mais","og_url":"https:\/\/institucional.ufrrj.br\/acessoainformacao\/sobre-a-ufrrj\/","og_site_name":"Acesso \u00e0 Informa\u00e7\u00e3o","twitter_card":"summary_large_image","twitter_misc":{"Est. tempo de leitura":"2 minutos"},"schema":{"@context":"https:\/\/schema.org","@graph":[{"@type":"WebPage","@id":"https:\/\/institucional.ufrrj.br\/acessoainformacao\/sobre-a-ufrrj\/","url":"https:\/\/institucional.ufrrj.br\/acessoainformacao\/sobre-a-ufrrj\/","name":"Sobre a UFRRJ - Acesso \u00e0 Informa\u00e7\u00e3o","isPartOf":{"@id":"https:\/\/institucional.ufrrj.br\/acessoainformacao\/#website"},"datePublished":"2020-07-23T16:53:37+00:00","breadcrumb":{"@id":"https:\/\/institucional.ufrrj.br\/acessoainformacao\/sobre-a-ufrrj\/#breadcrumb"},"inLanguage":"pt-BR","potentialAction":[{"@type":"ReadAction","target":["https:\/\/institucional.ufrrj.br\/acessoainformacao\/sobre-a-ufrrj\/"]}]},{"@type":"BreadcrumbList","@id":"https:\/\/institucional.ufrrj.br\/acessoainformacao\/sobre-a-ufrrj\/#breadcrumb","itemListElement":[{"@type":"ListItem","position":1,"name":"In\u00edcio","item":"https:\/\/institucional.ufrrj.br\/acessoainformacao\/"},{"@type":"ListItem","position":2,"name":"Sobre a UFRRJ"}]},{"@type":"WebSite","@id":"https:\/\/institucional.ufrrj.br\/acessoainformacao\/#website","url":"https:\/\/institucional.ufrrj.br\/acessoainformacao\/","name":"Acesso \u00e0 Informa\u00e7\u00e3o","description":"UFRRJ","potentialAction":[{"@type":"SearchAction","target":{"@type":"EntryPoint","urlTemplate":"https:\/\/institucional.ufrrj.br\/acessoainformacao\/?s={search_term_string}"},"query-input":{"@type":"PropertyValueSpecification","valueRequired":true,"valueName":"search_term_string"}}],"inLanguage":"pt-BR"}]}},"_links":{"self":[{"href":"https:\/\/institucional.ufrrj.br\/acessoainformacao\/wp-json\/wp\/v2\/pages\/414","targetHints":{"allow":["GET"]}}],"collection":[{"href":"https:\/\/institucional.ufrrj.br\/acessoainformacao\/wp-json\/wp\/v2\/pages"}],"about":[{"href":"https:\/\/institucional.ufrrj.br\/acessoainformacao\/wp-json\/wp\/v2\/types\/page"}],"author":[{"embeddable":true,"href":"https:\/\/institucional.ufrrj.br\/acessoainformacao\/wp-json\/wp\/v2\/users\/634"}],"replies":[{"embeddable":true,"href":"https:\/\/institucional.ufrrj.br\/acessoainformacao\/wp-json\/wp\/v2\/comments?post=414"}],"version-history":[{"count":1,"href":"https:\/\/institucional.ufrrj.br\/acessoainformacao\/wp-json\/wp\/v2\/pages\/414\/revisions"}],"predecessor-version":[{"id":415,"href":"https:\/\/institucional.ufrrj.br\/acessoainformacao\/wp-json\/wp\/v2\/pages\/414\/revisions\/415"}],"wp:attachment":[{"href":"https:\/\/institucional.ufrrj.br\/acessoainformacao\/wp-json\/wp\/v2\/media?parent=414"}],"curies":[{"name":"wp","href":"https:\/\/api.w.org\/{rel}","templated":true}]}}