{"id":41,"date":"2012-05-07T17:13:10","date_gmt":"2012-05-07T20:13:10","guid":{"rendered":"http:\/\/r1.ufrrj.br\/wp\/acessoainformacao\/"},"modified":"2025-03-24T12:20:11","modified_gmt":"2025-03-24T15:20:11","slug":"convenios","status":"publish","type":"page","link":"https:\/\/institucional.ufrrj.br\/acessoainformacao\/convenios\/","title":{"rendered":"Conv\u00eanios e Transfer\u00eancias"},"content":{"rendered":"\n<p class=\" eplus-wrapper\"><strong>Conv\u00eanios e Transfer\u00eancias<\/strong><\/p>\n\n\n\n<p class=\" eplus-wrapper\">Nesta se\u00e7\u00e3o, ser\u00e3o divulgadas informa\u00e7\u00f5es sobre os repasses e transfer\u00eancias de recursos financeiros efetuados pela Universidade Federal Rural do Rio de Janeiro \u2013 UFRRJ<\/p>\n\n\n\n<p class=\" eplus-wrapper\"><strong>Para encontrar as informa\u00e7\u00f5es sobre conv\u00eanios da UFRRJ no Portal da Transpar\u00eancia, basta acessar o passo a passo a seguir:<\/strong><\/p>\n\n\n\n<p class=\" eplus-wrapper\">1 \u2013 Acessar o Portal da Transpar\u00eancia:&nbsp;<a href=\"http:\/\/transparencia.gov.br\/\" target=\"_blank\" rel=\"noreferrer noopener\">http:\/\/transparencia.gov.br<\/a>;<\/p>\n\n\n\n<p class=\" eplus-wrapper\">2 \u2013 No menu superior, localizar \u201cConsultas Detalhadas\u201d -&gt; \u201cConv\u00eanios e outros acordos\u201d;<\/p>\n\n\n\n<p class=\" eplus-wrapper\">3 \u2013 Utilizar a barra lateral esquerda de filtros para escolher um filtro. Algumas op\u00e7\u00f5es de filtro s\u00e3o: n\u00famero do conv\u00eanio, per\u00edodo da \u00faltima libera\u00e7\u00e3o de recursos, per\u00edodo de vig\u00eancia, convenente, tipo de convenente, \u00f3rg\u00e3o, UF, munic\u00edpio, situa\u00e7\u00e3o, tipo de instrumento e outros.<\/p>\n\n\n\n<p class=\" eplus-wrapper\">Para acessar os dados da Universidade Federal Rural do Rio de Rio de Janeiro, colocar, no filtro \u201c\u00f3rg\u00e3o\u201d, a sigla UFRRJ;<\/p>\n\n\n\n<p class=\" eplus-wrapper\">4 \u2013 Clicar em Consultar.<\/p>\n\n\n\n<p class=\" eplus-wrapper\">Ou acesse o link <a href=\"https:\/\/portaldatransparencia.gov.br\/busca?termo=ufrrj&amp;convenios=true\">https:\/\/portaldatransparencia.gov.br\/busca?termo=ufrrj&amp;convenios=true<\/a><\/p>\n\n\n\n<hr class=\" wp-block-separator has-alpha-channel-opacity eplus-wrapper\" \/>\n\n\n\n<p class=\" eplus-wrapper\"><strong>Para encontrar as informa\u00e7\u00f5es sobre despesas da UFRRJ no Portal da Transpar\u00eancia basta efetuar o passo a passo a seguir:<\/strong><\/p>\n\n\n\n<p class=\" eplus-wrapper\">1 \u2013 Acessar o Portal da Transpar\u00eancia:&nbsp;<a href=\"http:\/\/transparencia.gov.br\/\" target=\"_blank\" rel=\"noreferrer noopener\">http:\/\/transparencia.gov.br<\/a>;<\/p>\n\n\n\n<p class=\" eplus-wrapper\">2 \u2013 No menu superior, localizar \u201cConsultas Detalhadas\u201d e escolher a op\u00e7\u00e3o desejada (\u201cDespesa p\u00fablica\u201d, \u201cRecursos Transferidos\u201d ou \u201cCart\u00f5es de Pagamento\u201d);<\/p>\n\n\n\n<p class=\" eplus-wrapper\">3 \u2013 Utilizar a barra lateral esquerda de filtros para escolher um filtro. Algumas op\u00e7\u00f5es de filtro s\u00e3o: per\u00edodo, tipo de transfer\u00eancia, tipo de favorecidos, UF, munic\u00edpio, \u00e1rea de atua\u00e7\u00e3o (fun\u00e7\u00e3o), programa or\u00e7ament\u00e1rio, a\u00e7\u00e3o or\u00e7ament\u00e1ria, entre outros;<\/p>\n\n\n\n<p class=\" eplus-wrapper\">Para acessar os dados da Universidade Federal Rural do Rio de Rio de Janeiro, colocar, no filtro \u201c\u00f3rg\u00e3o\u201d, a sigla UFRRJ;<\/p>\n\n\n\n<p class=\" eplus-wrapper\">4 \u2013 Clicar em Consultar.<\/p>\n\n\n\n<p class=\" eplus-wrapper\">Ou acesse o link <a href=\"https:\/\/portaldatransparencia.gov.br\/busca?termo=ufrrj&amp;comprasContratacoes=true\">https:\/\/portaldatransparencia.gov.br\/busca?termo=ufrrj&amp;comprasContratacoes=true<\/a><\/p>\n\n\n\n<p class=\" eplus-wrapper\"><\/p>\n\n\n\n<p class=\" eplus-wrapper\"><\/p>\n","protected":false},"excerpt":{"rendered":"<p>Conv\u00eanios e Transfer\u00eancias Nesta se\u00e7\u00e3o, ser\u00e3o divulgadas informa\u00e7\u00f5es sobre os repasses e transfer\u00eancias de recursos financeiros efetuados pela Universidade Federal <a class=\"read-more\" href=\"https:\/\/institucional.ufrrj.br\/acessoainformacao\/convenios\/ \" >&#8230; <span class=\"font-italic\">leia mais <i class=\"fas fa-angle-right\"><\/i><\/span><\/a><\/p>\n","protected":false},"author":634,"featured_media":0,"parent":0,"menu_order":0,"comment_status":"open","ping_status":"closed","template":"","meta":{"footnotes":""},"class_list":["post-41","page","type-page","status-publish","hentry"],"yoast_head":"<!-- This site is optimized with the Yoast SEO plugin v27.2 - https:\/\/yoast.com\/product\/yoast-seo-wordpress\/ -->\n<title>Conv\u00eanios e Transfer\u00eancias - Acesso \u00e0 Informa\u00e7\u00e3o<\/title>\n<meta name=\"robots\" content=\"index, follow, max-snippet:-1, max-image-preview:large, max-video-preview:-1\" \/>\n<link rel=\"canonical\" href=\"https:\/\/institucional.ufrrj.br\/acessoainformacao\/convenios\/\" \/>\n<meta property=\"og:locale\" content=\"pt_BR\" \/>\n<meta property=\"og:type\" content=\"article\" \/>\n<meta property=\"og:title\" content=\"Conv\u00eanios e Transfer\u00eancias - Acesso \u00e0 Informa\u00e7\u00e3o\" \/>\n<meta property=\"og:description\" content=\"Conv\u00eanios e Transfer\u00eancias Nesta se\u00e7\u00e3o, ser\u00e3o divulgadas informa\u00e7\u00f5es sobre os repasses e transfer\u00eancias de recursos financeiros efetuados pela Universidade Federal ... leia mais\" \/>\n<meta property=\"og:url\" content=\"https:\/\/institucional.ufrrj.br\/acessoainformacao\/convenios\/\" \/>\n<meta property=\"og:site_name\" content=\"Acesso \u00e0 Informa\u00e7\u00e3o\" \/>\n<meta property=\"article:modified_time\" content=\"2025-03-24T15:20:11+00:00\" \/>\n<meta name=\"twitter:card\" content=\"summary_large_image\" \/>\n<meta name=\"twitter:label1\" content=\"Est. tempo de leitura\" \/>\n\t<meta name=\"twitter:data1\" content=\"2 minutos\" \/>\n<script type=\"application\/ld+json\" class=\"yoast-schema-graph\">{\"@context\":\"https:\/\/schema.org\",\"@graph\":[{\"@type\":\"WebPage\",\"@id\":\"https:\/\/institucional.ufrrj.br\/acessoainformacao\/convenios\/\",\"url\":\"https:\/\/institucional.ufrrj.br\/acessoainformacao\/convenios\/\",\"name\":\"Conv\u00eanios e Transfer\u00eancias - Acesso \u00e0 Informa\u00e7\u00e3o\",\"isPartOf\":{\"@id\":\"https:\/\/institucional.ufrrj.br\/acessoainformacao\/#website\"},\"datePublished\":\"2012-05-07T20:13:10+00:00\",\"dateModified\":\"2025-03-24T15:20:11+00:00\",\"breadcrumb\":{\"@id\":\"https:\/\/institucional.ufrrj.br\/acessoainformacao\/convenios\/#breadcrumb\"},\"inLanguage\":\"pt-BR\",\"potentialAction\":[{\"@type\":\"ReadAction\",\"target\":[\"https:\/\/institucional.ufrrj.br\/acessoainformacao\/convenios\/\"]}]},{\"@type\":\"BreadcrumbList\",\"@id\":\"https:\/\/institucional.ufrrj.br\/acessoainformacao\/convenios\/#breadcrumb\",\"itemListElement\":[{\"@type\":\"ListItem\",\"position\":1,\"name\":\"In\u00edcio\",\"item\":\"https:\/\/institucional.ufrrj.br\/acessoainformacao\/\"},{\"@type\":\"ListItem\",\"position\":2,\"name\":\"Conv\u00eanios e Transfer\u00eancias\"}]},{\"@type\":\"WebSite\",\"@id\":\"https:\/\/institucional.ufrrj.br\/acessoainformacao\/#website\",\"url\":\"https:\/\/institucional.ufrrj.br\/acessoainformacao\/\",\"name\":\"Acesso \u00e0 Informa\u00e7\u00e3o\",\"description\":\"UFRRJ\",\"potentialAction\":[{\"@type\":\"SearchAction\",\"target\":{\"@type\":\"EntryPoint\",\"urlTemplate\":\"https:\/\/institucional.ufrrj.br\/acessoainformacao\/?s={search_term_string}\"},\"query-input\":{\"@type\":\"PropertyValueSpecification\",\"valueRequired\":true,\"valueName\":\"search_term_string\"}}],\"inLanguage\":\"pt-BR\"}]}<\/script>\n<!-- \/ Yoast SEO plugin. -->","yoast_head_json":{"title":"Conv\u00eanios e Transfer\u00eancias - Acesso \u00e0 Informa\u00e7\u00e3o","robots":{"index":"index","follow":"follow","max-snippet":"max-snippet:-1","max-image-preview":"max-image-preview:large","max-video-preview":"max-video-preview:-1"},"canonical":"https:\/\/institucional.ufrrj.br\/acessoainformacao\/convenios\/","og_locale":"pt_BR","og_type":"article","og_title":"Conv\u00eanios e Transfer\u00eancias - Acesso \u00e0 Informa\u00e7\u00e3o","og_description":"Conv\u00eanios e Transfer\u00eancias Nesta se\u00e7\u00e3o, ser\u00e3o divulgadas informa\u00e7\u00f5es sobre os repasses e transfer\u00eancias de recursos financeiros efetuados pela Universidade Federal ... leia mais","og_url":"https:\/\/institucional.ufrrj.br\/acessoainformacao\/convenios\/","og_site_name":"Acesso \u00e0 Informa\u00e7\u00e3o","article_modified_time":"2025-03-24T15:20:11+00:00","twitter_card":"summary_large_image","twitter_misc":{"Est. tempo de leitura":"2 minutos"},"schema":{"@context":"https:\/\/schema.org","@graph":[{"@type":"WebPage","@id":"https:\/\/institucional.ufrrj.br\/acessoainformacao\/convenios\/","url":"https:\/\/institucional.ufrrj.br\/acessoainformacao\/convenios\/","name":"Conv\u00eanios e Transfer\u00eancias - Acesso \u00e0 Informa\u00e7\u00e3o","isPartOf":{"@id":"https:\/\/institucional.ufrrj.br\/acessoainformacao\/#website"},"datePublished":"2012-05-07T20:13:10+00:00","dateModified":"2025-03-24T15:20:11+00:00","breadcrumb":{"@id":"https:\/\/institucional.ufrrj.br\/acessoainformacao\/convenios\/#breadcrumb"},"inLanguage":"pt-BR","potentialAction":[{"@type":"ReadAction","target":["https:\/\/institucional.ufrrj.br\/acessoainformacao\/convenios\/"]}]},{"@type":"BreadcrumbList","@id":"https:\/\/institucional.ufrrj.br\/acessoainformacao\/convenios\/#breadcrumb","itemListElement":[{"@type":"ListItem","position":1,"name":"In\u00edcio","item":"https:\/\/institucional.ufrrj.br\/acessoainformacao\/"},{"@type":"ListItem","position":2,"name":"Conv\u00eanios e Transfer\u00eancias"}]},{"@type":"WebSite","@id":"https:\/\/institucional.ufrrj.br\/acessoainformacao\/#website","url":"https:\/\/institucional.ufrrj.br\/acessoainformacao\/","name":"Acesso \u00e0 Informa\u00e7\u00e3o","description":"UFRRJ","potentialAction":[{"@type":"SearchAction","target":{"@type":"EntryPoint","urlTemplate":"https:\/\/institucional.ufrrj.br\/acessoainformacao\/?s={search_term_string}"},"query-input":{"@type":"PropertyValueSpecification","valueRequired":true,"valueName":"search_term_string"}}],"inLanguage":"pt-BR"}]}},"_links":{"self":[{"href":"https:\/\/institucional.ufrrj.br\/acessoainformacao\/wp-json\/wp\/v2\/pages\/41","targetHints":{"allow":["GET"]}}],"collection":[{"href":"https:\/\/institucional.ufrrj.br\/acessoainformacao\/wp-json\/wp\/v2\/pages"}],"about":[{"href":"https:\/\/institucional.ufrrj.br\/acessoainformacao\/wp-json\/wp\/v2\/types\/page"}],"author":[{"embeddable":true,"href":"https:\/\/institucional.ufrrj.br\/acessoainformacao\/wp-json\/wp\/v2\/users\/634"}],"replies":[{"embeddable":true,"href":"https:\/\/institucional.ufrrj.br\/acessoainformacao\/wp-json\/wp\/v2\/comments?post=41"}],"version-history":[{"count":8,"href":"https:\/\/institucional.ufrrj.br\/acessoainformacao\/wp-json\/wp\/v2\/pages\/41\/revisions"}],"predecessor-version":[{"id":689,"href":"https:\/\/institucional.ufrrj.br\/acessoainformacao\/wp-json\/wp\/v2\/pages\/41\/revisions\/689"}],"wp:attachment":[{"href":"https:\/\/institucional.ufrrj.br\/acessoainformacao\/wp-json\/wp\/v2\/media?parent=41"}],"curies":[{"name":"wp","href":"https:\/\/api.w.org\/{rel}","templated":true}]}}