{"id":381,"date":"2020-07-20T16:02:45","date_gmt":"2020-07-20T19:02:45","guid":{"rendered":"http:\/\/institucional.ufrrj.br\/acessoainformacao\/?page_id=381"},"modified":"2022-06-29T12:37:53","modified_gmt":"2022-06-29T15:37:53","slug":"servico-de-informacao-ao-cidadao-sic","status":"publish","type":"page","link":"https:\/\/institucional.ufrrj.br\/acessoainformacao\/servico-de-informacao-ao-cidadao-sic\/","title":{"rendered":"Servi\u00e7o de Informa\u00e7\u00e3o ao Cidad\u00e3o \u2013 SIC"},"content":{"rendered":"<div><strong>Relat\u00f3rios estat\u00edsticos de atendimento \u00e0 Lei de Acesso \u00e0 Informa\u00e7\u00e3o:<\/strong><\/div>\n<div><\/div>\n<div>Acesse\u00a0<a href=\"http:\/\/paineis.cgu.gov.br\/lai\/index.htm\" target=\"_blank\" rel=\"noopener noreferrer\" data-saferedirecturl=\"https:\/\/www.google.com\/url?q=http:\/\/paineis.cgu.gov.br\/lai\/index.htm&amp;source=gmail&amp;ust=1647022353451000&amp;usg=AOvVaw0obmG8n90kPpZ3xrv3WOMz\">http:\/\/paineis.cgu.gov.br\/lai\/index.htm<\/a><\/p>\n<\/div>\n<div><strong>Passo a passo:<\/strong><\/div>\n<div>&#8211; Para acessar os Relat\u00f3rios Estat\u00edsticos do SIC;<\/div>\n<div>&#8211; Clique em &#8220;Iniciar&#8221;;<\/div>\n<div>&#8211; Na pr\u00f3xima tela, no campo &#8220;Nome do \u00f3rg\u00e3o&#8221;, selecione &#8220;UFRRJ&#8221; e, em seguida, informe o per\u00edodo desejado;<\/div>\n<div>&#8211; Por fim, clique em &#8220;Aplicar filtro de per\u00edodo&#8221;.<\/div>\n<div><\/div>\n<p><strong>\u00a0Servi\u00e7o de Informa\u00e7\u00f5es ao Cidad\u00e3o \u2013 SIC<\/strong><\/p>\n<p>Nesta se\u00e7\u00e3o s\u00e3o divulgadas as informa\u00e7\u00f5es sobre o Sistema de Informa\u00e7\u00f5es ao Cidad\u00e3o (SIC\/UFRRJ), pertinentes ao seu funcionamento, localiza\u00e7\u00e3o e dados de contato no \u00e2mbito da UFRRJ. Subordinado diretamente \u00e0 Reitoria, atrav\u00e9s da Ouvidoria<\/p>\n<p>Atribui\u00e7\u00f5es:<\/p>\n<p>Lei n\u00ba 12.527, de 18\/11\/2011:<\/p>\n<p>Art. 40.\u00a0 No prazo de 60 (sessenta) dias, a contar da vig\u00eancia desta Lei, o dirigente m\u00e1ximo de cada \u00f3rg\u00e3o ou entidade da administra\u00e7\u00e3o p\u00fablica federal direta e indireta designar\u00e1 autoridade que lhe seja diretamente subordinada para, no \u00e2mbito do respectivo \u00f3rg\u00e3o ou entidade, exercer as seguintes atribui\u00e7\u00f5es:<\/p>\n<p>I &#8211; assegurar o cumprimento das normas relativas ao acesso a informa\u00e7\u00e3o, de forma eficiente e adequada aos objetivos desta Lei;<\/p>\n<p>II &#8211; monitorar a implementa\u00e7\u00e3o do disposto nesta Lei e apresentar relat\u00f3rios peri\u00f3dicos sobre o seu cumprimento;<\/p>\n<p>III &#8211; recomendar as medidas indispens\u00e1veis \u00e0 implementa\u00e7\u00e3o e ao aperfei\u00e7oamento das normas e procedimentos necess\u00e1rios ao correto cumprimento do disposto nesta Lei; e<\/p>\n<p>IV &#8211; orientar as respectivas unidades no que se refere ao cumprimento do disposto nesta Lei e seus regulamentos.<\/p>\n<p>Autoridade da UFRRJ respons\u00e1vel pelo monitoramento da implementa\u00e7\u00e3o\u00a0 da Lei de Acesso \u00e0 Informa\u00e7\u00e3o no \u00e2mbito do \u00f3rg\u00e3o\/entidade:<\/p>\n<p>Portaria de nomea\u00e7\u00e3o da autoridade de monitoramento da Lei no \u00c2mbito da UFRRJ:<\/p>\n<p>Renata Lacerda Cosme de Oliveira <a style=\"font-size: revert\" href=\"https:\/\/institucional.ufrrj.br\/acessoainformacao\/files\/2022\/06\/Portaria-LAI-Renata.pdf\">PORTARIA PORTARIA N\u00ba 4033 \/ 2022 &#8211; GABREI<\/a><\/p>\n<p>O pedido de informa\u00e7\u00e3o poder\u00e1 ser feito:<\/p>\n<p>Pela internet: http:\/\/www.acessoainformacao.gov.br\/sistema<\/p>\n<p>Presencialmente, no espa\u00e7o do Servi\u00e7o de Informa\u00e7\u00e3o ao Cidad\u00e3o (SIC-UFRRJ):<\/p>\n<p>Localiza\u00e7\u00e3o: Rod. Br 465 Km 7<\/p>\n<p>Sala 132\/2, 3\u00ba andar do Pavilh\u00e3o Central(P1) \u2013 Serop\u00e9dica \u2013 RJ<\/p>\n<p>Serop\u00e9dica RJ<\/p>\n<p>CEP:23897-000<\/p>\n<p>Para atendimento presencial, preencha um dos formul\u00e1rios abaixo e entregue ao SIC-UFRRJ:<\/p>\n<p>Formul\u00e1rios:<\/p>\n<p><a href=\"https:\/\/institucional.ufrrj.br\/acessoainformacao\/files\/2012\/05\/FORMULARIORECLAMACAO_PF.pdf\">Formul\u00e1rio de Reclama\u00e7\u00e3o \u2013 Pessoa F\u00edsica<\/a><\/p>\n<p><a href=\"https:\/\/institucional.ufrrj.br\/acessoainformacao\/files\/2012\/05\/FORMULARIORECLAMACAO_PJ.pdf\">Formul\u00e1rio de Reclama\u00e7\u00e3o \u2013 Pessoa Jur\u00eddica<\/a><\/p>\n<p><a href=\"https:\/\/institucional.ufrrj.br\/acessoainformacao\/files\/2012\/05\/FORMULARIORECURSOS_PF.pdf\">Formul\u00e1rio de Recurso \u2013 Pessoa F\u00edsica<\/a><\/p>\n<p><a href=\"https:\/\/institucional.ufrrj.br\/acessoainformacao\/files\/2012\/05\/FORMULARIORECURSOS_PJ.pdf\">Formul\u00e1rio de Recurso \u2013 Pessoa Jur\u00eddica<\/a><\/p>\n<p><strong>Hor\u00e1rio de atendimento ao p\u00fablico<\/strong><\/p>\n<p>Segunda a sexta-feira, de 8:00h \u00e0s 11h30 e das 13:00h \u00e0s 17:00h.<\/p>\n<p><strong>Nome dos servidores respons\u00e1veis pelo SIC:<\/strong><\/p>\n<p><strong>RENATA LACERDA COSME DE OLIVEIRA<\/strong><br \/>\nBacharel em Direito UGF<br \/>\nP\u00f3s Graduada em Direito do Consumidor UGF<br \/>\nAssistente em Administra\u00e7\u00e3o<\/p>\n<p><strong>Telefone e e-mails para orienta\u00e7\u00e3o e esclarecimentos de d\u00favidas:<\/strong><\/p>\n<p>Telefone: (21) 2681-4622<\/p>\n<p>E-mail: sicufrrj@ufrrj.br<\/p>\n<p><strong>Carta de Servi\u00e7os ao Cidad\u00e3o<br \/>\n<\/strong><\/p>\n<p>A UFRRJ apresenta neste documento os servi\u00e7os que oferece \u00e0 comunidade e todas as informa\u00e7\u00f5es necess\u00e1rias aos cidad\u00e3os que queiram acess\u00e1-los. Dentro do que prop\u00f5e o Programa Nacional da Gest\u00e3o P\u00fablica e Desburocratiza\u00e7\u00e3o (GesP\u00fablica), a Carta de Servi\u00e7os do Cidad\u00e3o da UFRRJ tamb\u00e9m divulga os compromissos de atendimento e qualidade. Ao apresentar de forma clara e precisa a totalidade dos servi\u00e7os dispon\u00edveis, a Universidade facilita o acesso a eles e estimula a participa\u00e7\u00e3o dos usu\u00e1rios no processo de melhoria cont\u00ednua, contribuindo para a forma\u00e7\u00e3o de cidad\u00e3os agentes de mudan\u00e7as na gest\u00e3o p\u00fablica.<\/p>\n<p>Veja em <a href=\"http:\/\/portal.ufrrj.br\/servicos\/carta-de-servico\/\">http:\/\/portal.ufrrj.br\/servicos\/carta-de-servico\/<\/a><\/p>\n<p><strong>\u00a0<\/strong><\/p>\n<p><img loading=\"lazy\" decoding=\"async\" class=\"size-full wp-image-430 aligncenter\" src=\"https:\/\/institucional.ufrrj.br\/acessoainformacao\/files\/2020\/07\/banner_sic.png\" alt=\"\" width=\"185\" height=\"224\" \/><\/p>\n<p><strong>RELAT\u00d3RIOS ESTAT\u00cdSTICOS<\/strong><\/p>\n<p>Relat\u00f3rios estat\u00edsticos de atendimento \u00e0 Lei de Acesso \u00e0 Informa\u00e7\u00e3o: <a href=\"http:\/\/paineis.cgu.gov.br\/lai\/index.htm\">http:\/\/paineis.cgu.gov.br\/lai\/index.htm<\/a><\/p>\n","protected":false},"excerpt":{"rendered":"<p>Relat\u00f3rios estat\u00edsticos de atendimento \u00e0 Lei de Acesso \u00e0 Informa\u00e7\u00e3o: Acesse\u00a0http:\/\/paineis.cgu.gov.br\/lai\/index.htm Passo a passo: &#8211; Para acessar os Relat\u00f3rios Estat\u00edsticos <a class=\"read-more\" href=\"https:\/\/institucional.ufrrj.br\/acessoainformacao\/servico-de-informacao-ao-cidadao-sic\/ \" >&#8230; <span class=\"font-italic\">leia mais <i class=\"fas fa-angle-right\"><\/i><\/span><\/a><\/p>\n","protected":false},"author":634,"featured_media":0,"parent":0,"menu_order":0,"comment_status":"closed","ping_status":"closed","template":"","meta":{"footnotes":""},"class_list":["post-381","page","type-page","status-publish","hentry"],"yoast_head":"<!-- This site is optimized with the Yoast SEO plugin v27.2 - https:\/\/yoast.com\/product\/yoast-seo-wordpress\/ -->\n<title>Servi\u00e7o de Informa\u00e7\u00e3o ao Cidad\u00e3o \u2013 SIC - Acesso \u00e0 Informa\u00e7\u00e3o<\/title>\n<meta name=\"robots\" content=\"index, follow, max-snippet:-1, max-image-preview:large, max-video-preview:-1\" \/>\n<link rel=\"canonical\" href=\"https:\/\/institucional.ufrrj.br\/acessoainformacao\/servico-de-informacao-ao-cidadao-sic\/\" \/>\n<meta property=\"og:locale\" content=\"pt_BR\" \/>\n<meta property=\"og:type\" content=\"article\" \/>\n<meta property=\"og:title\" content=\"Servi\u00e7o de Informa\u00e7\u00e3o ao Cidad\u00e3o \u2013 SIC - Acesso \u00e0 Informa\u00e7\u00e3o\" \/>\n<meta property=\"og:description\" content=\"Relat\u00f3rios estat\u00edsticos de atendimento \u00e0 Lei de Acesso \u00e0 Informa\u00e7\u00e3o: Acesse\u00a0http:\/\/paineis.cgu.gov.br\/lai\/index.htm Passo a passo: &#8211; Para acessar os Relat\u00f3rios Estat\u00edsticos ... leia mais\" \/>\n<meta property=\"og:url\" content=\"https:\/\/institucional.ufrrj.br\/acessoainformacao\/servico-de-informacao-ao-cidadao-sic\/\" \/>\n<meta property=\"og:site_name\" content=\"Acesso \u00e0 Informa\u00e7\u00e3o\" \/>\n<meta property=\"article:modified_time\" content=\"2022-06-29T15:37:53+00:00\" \/>\n<meta property=\"og:image\" content=\"http:\/\/institucional.ufrrj.br\/acessoainformacao\/files\/2020\/07\/banner_sic.png\" \/>\n<meta name=\"twitter:card\" content=\"summary_large_image\" \/>\n<meta name=\"twitter:label1\" content=\"Est. tempo de leitura\" \/>\n\t<meta name=\"twitter:data1\" content=\"3 minutos\" \/>\n<script type=\"application\/ld+json\" class=\"yoast-schema-graph\">{\"@context\":\"https:\/\/schema.org\",\"@graph\":[{\"@type\":\"WebPage\",\"@id\":\"https:\/\/institucional.ufrrj.br\/acessoainformacao\/servico-de-informacao-ao-cidadao-sic\/\",\"url\":\"https:\/\/institucional.ufrrj.br\/acessoainformacao\/servico-de-informacao-ao-cidadao-sic\/\",\"name\":\"Servi\u00e7o de Informa\u00e7\u00e3o ao Cidad\u00e3o \u2013 SIC - Acesso \u00e0 Informa\u00e7\u00e3o\",\"isPartOf\":{\"@id\":\"https:\/\/institucional.ufrrj.br\/acessoainformacao\/#website\"},\"primaryImageOfPage\":{\"@id\":\"https:\/\/institucional.ufrrj.br\/acessoainformacao\/servico-de-informacao-ao-cidadao-sic\/#primaryimage\"},\"image\":{\"@id\":\"https:\/\/institucional.ufrrj.br\/acessoainformacao\/servico-de-informacao-ao-cidadao-sic\/#primaryimage\"},\"thumbnailUrl\":\"http:\/\/institucional.ufrrj.br\/acessoainformacao\/files\/2020\/07\/banner_sic.png\",\"datePublished\":\"2020-07-20T19:02:45+00:00\",\"dateModified\":\"2022-06-29T15:37:53+00:00\",\"breadcrumb\":{\"@id\":\"https:\/\/institucional.ufrrj.br\/acessoainformacao\/servico-de-informacao-ao-cidadao-sic\/#breadcrumb\"},\"inLanguage\":\"pt-BR\",\"potentialAction\":[{\"@type\":\"ReadAction\",\"target\":[\"https:\/\/institucional.ufrrj.br\/acessoainformacao\/servico-de-informacao-ao-cidadao-sic\/\"]}]},{\"@type\":\"ImageObject\",\"inLanguage\":\"pt-BR\",\"@id\":\"https:\/\/institucional.ufrrj.br\/acessoainformacao\/servico-de-informacao-ao-cidadao-sic\/#primaryimage\",\"url\":\"http:\/\/institucional.ufrrj.br\/acessoainformacao\/files\/2020\/07\/banner_sic.png\",\"contentUrl\":\"http:\/\/institucional.ufrrj.br\/acessoainformacao\/files\/2020\/07\/banner_sic.png\"},{\"@type\":\"BreadcrumbList\",\"@id\":\"https:\/\/institucional.ufrrj.br\/acessoainformacao\/servico-de-informacao-ao-cidadao-sic\/#breadcrumb\",\"itemListElement\":[{\"@type\":\"ListItem\",\"position\":1,\"name\":\"In\u00edcio\",\"item\":\"https:\/\/institucional.ufrrj.br\/acessoainformacao\/\"},{\"@type\":\"ListItem\",\"position\":2,\"name\":\"Servi\u00e7o de Informa\u00e7\u00e3o ao Cidad\u00e3o \u2013 SIC\"}]},{\"@type\":\"WebSite\",\"@id\":\"https:\/\/institucional.ufrrj.br\/acessoainformacao\/#website\",\"url\":\"https:\/\/institucional.ufrrj.br\/acessoainformacao\/\",\"name\":\"Acesso \u00e0 Informa\u00e7\u00e3o\",\"description\":\"UFRRJ\",\"potentialAction\":[{\"@type\":\"SearchAction\",\"target\":{\"@type\":\"EntryPoint\",\"urlTemplate\":\"https:\/\/institucional.ufrrj.br\/acessoainformacao\/?s={search_term_string}\"},\"query-input\":{\"@type\":\"PropertyValueSpecification\",\"valueRequired\":true,\"valueName\":\"search_term_string\"}}],\"inLanguage\":\"pt-BR\"}]}<\/script>\n<!-- \/ Yoast SEO plugin. -->","yoast_head_json":{"title":"Servi\u00e7o de Informa\u00e7\u00e3o ao Cidad\u00e3o \u2013 SIC - Acesso \u00e0 Informa\u00e7\u00e3o","robots":{"index":"index","follow":"follow","max-snippet":"max-snippet:-1","max-image-preview":"max-image-preview:large","max-video-preview":"max-video-preview:-1"},"canonical":"https:\/\/institucional.ufrrj.br\/acessoainformacao\/servico-de-informacao-ao-cidadao-sic\/","og_locale":"pt_BR","og_type":"article","og_title":"Servi\u00e7o de Informa\u00e7\u00e3o ao Cidad\u00e3o \u2013 SIC - Acesso \u00e0 Informa\u00e7\u00e3o","og_description":"Relat\u00f3rios estat\u00edsticos de atendimento \u00e0 Lei de Acesso \u00e0 Informa\u00e7\u00e3o: Acesse\u00a0http:\/\/paineis.cgu.gov.br\/lai\/index.htm Passo a passo: &#8211; Para acessar os Relat\u00f3rios Estat\u00edsticos ... leia mais","og_url":"https:\/\/institucional.ufrrj.br\/acessoainformacao\/servico-de-informacao-ao-cidadao-sic\/","og_site_name":"Acesso \u00e0 Informa\u00e7\u00e3o","article_modified_time":"2022-06-29T15:37:53+00:00","og_image":[{"url":"http:\/\/institucional.ufrrj.br\/acessoainformacao\/files\/2020\/07\/banner_sic.png","type":"","width":"","height":""}],"twitter_card":"summary_large_image","twitter_misc":{"Est. tempo de leitura":"3 minutos"},"schema":{"@context":"https:\/\/schema.org","@graph":[{"@type":"WebPage","@id":"https:\/\/institucional.ufrrj.br\/acessoainformacao\/servico-de-informacao-ao-cidadao-sic\/","url":"https:\/\/institucional.ufrrj.br\/acessoainformacao\/servico-de-informacao-ao-cidadao-sic\/","name":"Servi\u00e7o de Informa\u00e7\u00e3o ao Cidad\u00e3o \u2013 SIC - Acesso \u00e0 Informa\u00e7\u00e3o","isPartOf":{"@id":"https:\/\/institucional.ufrrj.br\/acessoainformacao\/#website"},"primaryImageOfPage":{"@id":"https:\/\/institucional.ufrrj.br\/acessoainformacao\/servico-de-informacao-ao-cidadao-sic\/#primaryimage"},"image":{"@id":"https:\/\/institucional.ufrrj.br\/acessoainformacao\/servico-de-informacao-ao-cidadao-sic\/#primaryimage"},"thumbnailUrl":"http:\/\/institucional.ufrrj.br\/acessoainformacao\/files\/2020\/07\/banner_sic.png","datePublished":"2020-07-20T19:02:45+00:00","dateModified":"2022-06-29T15:37:53+00:00","breadcrumb":{"@id":"https:\/\/institucional.ufrrj.br\/acessoainformacao\/servico-de-informacao-ao-cidadao-sic\/#breadcrumb"},"inLanguage":"pt-BR","potentialAction":[{"@type":"ReadAction","target":["https:\/\/institucional.ufrrj.br\/acessoainformacao\/servico-de-informacao-ao-cidadao-sic\/"]}]},{"@type":"ImageObject","inLanguage":"pt-BR","@id":"https:\/\/institucional.ufrrj.br\/acessoainformacao\/servico-de-informacao-ao-cidadao-sic\/#primaryimage","url":"http:\/\/institucional.ufrrj.br\/acessoainformacao\/files\/2020\/07\/banner_sic.png","contentUrl":"http:\/\/institucional.ufrrj.br\/acessoainformacao\/files\/2020\/07\/banner_sic.png"},{"@type":"BreadcrumbList","@id":"https:\/\/institucional.ufrrj.br\/acessoainformacao\/servico-de-informacao-ao-cidadao-sic\/#breadcrumb","itemListElement":[{"@type":"ListItem","position":1,"name":"In\u00edcio","item":"https:\/\/institucional.ufrrj.br\/acessoainformacao\/"},{"@type":"ListItem","position":2,"name":"Servi\u00e7o de Informa\u00e7\u00e3o ao Cidad\u00e3o \u2013 SIC"}]},{"@type":"WebSite","@id":"https:\/\/institucional.ufrrj.br\/acessoainformacao\/#website","url":"https:\/\/institucional.ufrrj.br\/acessoainformacao\/","name":"Acesso \u00e0 Informa\u00e7\u00e3o","description":"UFRRJ","potentialAction":[{"@type":"SearchAction","target":{"@type":"EntryPoint","urlTemplate":"https:\/\/institucional.ufrrj.br\/acessoainformacao\/?s={search_term_string}"},"query-input":{"@type":"PropertyValueSpecification","valueRequired":true,"valueName":"search_term_string"}}],"inLanguage":"pt-BR"}]}},"_links":{"self":[{"href":"https:\/\/institucional.ufrrj.br\/acessoainformacao\/wp-json\/wp\/v2\/pages\/381","targetHints":{"allow":["GET"]}}],"collection":[{"href":"https:\/\/institucional.ufrrj.br\/acessoainformacao\/wp-json\/wp\/v2\/pages"}],"about":[{"href":"https:\/\/institucional.ufrrj.br\/acessoainformacao\/wp-json\/wp\/v2\/types\/page"}],"author":[{"embeddable":true,"href":"https:\/\/institucional.ufrrj.br\/acessoainformacao\/wp-json\/wp\/v2\/users\/634"}],"replies":[{"embeddable":true,"href":"https:\/\/institucional.ufrrj.br\/acessoainformacao\/wp-json\/wp\/v2\/comments?post=381"}],"version-history":[{"count":12,"href":"https:\/\/institucional.ufrrj.br\/acessoainformacao\/wp-json\/wp\/v2\/pages\/381\/revisions"}],"predecessor-version":[{"id":644,"href":"https:\/\/institucional.ufrrj.br\/acessoainformacao\/wp-json\/wp\/v2\/pages\/381\/revisions\/644"}],"wp:attachment":[{"href":"https:\/\/institucional.ufrrj.br\/acessoainformacao\/wp-json\/wp\/v2\/media?parent=381"}],"curies":[{"name":"wp","href":"https:\/\/api.w.org\/{rel}","templated":true}]}}