{"id":307,"date":"2017-10-09T16:06:05","date_gmt":"2017-10-09T19:06:05","guid":{"rendered":"http:\/\/institucional.ufrrj.br\/acessoainformacao\/?page_id=307"},"modified":"2022-05-05T16:44:01","modified_gmt":"2022-05-05T19:44:01","slug":"participacao-social-2","status":"publish","type":"page","link":"https:\/\/institucional.ufrrj.br\/acessoainformacao\/participacao-social-2\/","title":{"rendered":"Participa\u00e7\u00e3o Social"},"content":{"rendered":"<p>Nesta se\u00e7\u00e3o, s\u00e3o divulgadas informa\u00e7\u00f5es referentes \u00e0 realiza\u00e7\u00e3o de audi\u00eancias p\u00fablicas, consultas p\u00fablicas ou outras formas de incentivo \u00e0 participa\u00e7\u00e3o popular, realizadas pela Universidade Federal do Rural do Rio de Janeiro<\/p>\n<p>I. Ouvidoria<br \/>\nA Ouvidoria o espa\u00e7o destinado ao exerc\u00edcio da cidadania para que a comunidade possa fazer sua manifesta\u00e7\u00e3o, dar sugest\u00f5es, fazer elogios, reclama\u00e7\u00f5es, den\u00fancias e solicita\u00e7\u00f5es, sendo um canal de comunica\u00e7\u00e3o entre o cidad\u00e3o e a Institui\u00e7\u00e3o para contribuir com a melhoria da Universidade. Essa exerce papel mediador nas rela\u00e7\u00f5es envolvendo inst\u00e2ncias universit\u00e1rias e os integrantes das comunidades interna e externa, examinando e encaminhando as demandas aos setores competentes, identificando melhorias, propondo mudan\u00e7as, assim como, apontando irregularidades. As manifesta\u00e7\u00f5es devem ser encaminhadas, preferencialmente, por meio da plataforma <a href=\"http:\/\/fala.br\/\">Fala.BR<\/a>, orienta\u00e7\u00f5es e quaisquer d\u00favidas podem ser encaminhadas para <strong>ouvidoria@ufrrj.br<\/strong> ou pelos telefones (<strong>21) 2681 4600<\/strong><\/p>\n<p>II. Conselhos e \u00d3rg\u00e3os Colegiados<br \/>\nAs informa\u00e7\u00f5es sobre os Conselhos e \u00d3rg\u00e3os Colegiados podem ser obtidas por meio do link: <a href=\"http:\/\/institucional.ufrrj.br\/soc\/\">http:\/\/institucional.ufrrj.br\/soc\/<\/a><\/p>\n<p>III. Audi\u00eancias e Consultas P\u00fablicas<\/p>\n<p>2017<br \/>\nTema: C\u00f3digo de Conduta Discente<br \/>\nData: 16\/5\/2017<br \/>\nLocal: audit\u00f3rio Gustavo Dutra,c\u00e2mpus Serop\u00e9dica<\/p>\n<p>Tema: C\u00f3digo de Conduta Discente<br \/>\nData: 16\/5\/2017<br \/>\nLocal:no audit\u00f3rio do c\u00e2mpus do Instituto Multidisciplinar\/Nova Igua\u00e7u<\/p>\n<p>Tema: C\u00f3digo de Conduta Discente<br \/>\nData: 18\/5\/2017<br \/>\nLocal: no audit\u00f3rio do c\u00e2mpus Tr\u00eas Rios<\/p>\n<p>Tema: audi\u00eancia p\u00fablica sobre compensa\u00e7\u00e3o energ\u00e9tica no c\u00e2mpus<br \/>\nData:8\/11\/2017<br \/>\nLocal:Sal\u00e3o Azul, c\u00e2mpus Serop\u00e9dica<\/p>\n<p>Tema: 1\u00aa Audi\u00eancia P\u00fablica &#8211; Atualiza\u00e7\u00e3o da pol\u00edtica editorial e de difus\u00e3o cient\u00edfica da UFRRJ<br \/>\nData: 13\/09\/2017<br \/>\nLocal: Sala 122 (\u00d3rg\u00e3os Colegiados),c\u00e2mpus Serop\u00e9dica<\/p>\n<p>Tema: 2\u00aa Audi\u00eancia P\u00fablica &#8211; Atualiza\u00e7\u00e3o da pol\u00edtica editorial e de difus\u00e3o cient\u00edfica da UFRRJ<br \/>\nData: 31\/10\/2017<br \/>\nLocal: Sala 122 (\u00d3rg\u00e3os Colegiados), c\u00e2mpus Serop\u00e9dica<\/p>\n<p>2019<br \/>\nTema: Audi\u00eancia sobre obras<br \/>\nData:dia 20\/5\/2019<br \/>\nLocal:sal\u00e3o Azul, c\u00e2mpus Serop\u00e9dica<\/p>\n<p>Tema: 1\u00aa audi\u00eancia p\u00fablica sobre PNR (Pr\u00f3prios Nacionais Residenciais)<br \/>\nData:22\/05\/2019<br \/>\nLocal: audit\u00f3rio Gustavo Dutra,c\u00e2mpus Serop\u00e9dica<\/p>\n<p>Tema: 2\u00aa audi\u00eancia p\u00fablica sobre PNR (Pr\u00f3prios Nacionais Residenciais)<br \/>\nData: 18\/6\/2019<br \/>\nLocal: audit\u00f3rio Gustavo Dutra, c\u00e2mpus Serop\u00e9dica<\/p>\n<p>Tema: Programa Future-se<br \/>\nData: 20\/08\/2019<br \/>\nLocal: Sal\u00e3o Azul,c\u00e2mpus Serop\u00e9dica<\/p>\n<p>Tema: Plano de Desenvolvimento Institucional (PDI)<br \/>\nData:a partir do dia 4\/12\/2019<br \/>\nLocal:C\u00e3mpus de Nova Igua\u00e7u: 04\/12, no Audit\u00f3rio Principal, C\u00e2mpus de Tr\u00eas Rios: 06\/12, 14h \u2013 Audit\u00f3rio Mauro Mattos<br \/>\nC\u00e2mpus Serop\u00e9dica: 07\/12, no Sal\u00e3o Azul ,c\u00e2mpus Serop\u00e9dica<\/p>\n<p>Ano: 2020<br \/>\nConsulta P\u00fablica<br \/>\nTema: Estudos Continuados Emergenciais \u2013 ECE<br \/>\nData:13 a 17\/7\/2010<br \/>\nLocal: <a href=\"http:\/\/institucional.ufrrj.br\/amtdr\/\">http:\/\/institucional.ufrrj.br\/amtdr\/<\/a><\/p>\n","protected":false},"excerpt":{"rendered":"<p>Nesta se\u00e7\u00e3o, s\u00e3o divulgadas informa\u00e7\u00f5es referentes \u00e0 realiza\u00e7\u00e3o de audi\u00eancias p\u00fablicas, consultas p\u00fablicas ou outras formas de incentivo \u00e0 participa\u00e7\u00e3o <a class=\"read-more\" href=\"https:\/\/institucional.ufrrj.br\/acessoainformacao\/participacao-social-2\/ \" >&#8230; <span class=\"font-italic\">leia mais <i class=\"fas fa-angle-right\"><\/i><\/span><\/a><\/p>\n","protected":false},"author":698,"featured_media":0,"parent":0,"menu_order":0,"comment_status":"closed","ping_status":"closed","template":"","meta":{"footnotes":""},"class_list":["post-307","page","type-page","status-publish","hentry"],"yoast_head":"<!-- This site is optimized with the Yoast SEO plugin v27.2 - https:\/\/yoast.com\/product\/yoast-seo-wordpress\/ -->\n<title>Participa\u00e7\u00e3o Social - Acesso \u00e0 Informa\u00e7\u00e3o<\/title>\n<meta name=\"robots\" content=\"index, follow, max-snippet:-1, max-image-preview:large, max-video-preview:-1\" \/>\n<link rel=\"canonical\" href=\"https:\/\/institucional.ufrrj.br\/acessoainformacao\/participacao-social-2\/\" \/>\n<meta property=\"og:locale\" content=\"pt_BR\" \/>\n<meta property=\"og:type\" content=\"article\" \/>\n<meta property=\"og:title\" content=\"Participa\u00e7\u00e3o Social - Acesso \u00e0 Informa\u00e7\u00e3o\" \/>\n<meta property=\"og:description\" content=\"Nesta se\u00e7\u00e3o, s\u00e3o divulgadas informa\u00e7\u00f5es referentes \u00e0 realiza\u00e7\u00e3o de audi\u00eancias p\u00fablicas, consultas p\u00fablicas ou outras formas de incentivo \u00e0 participa\u00e7\u00e3o ... leia mais\" \/>\n<meta property=\"og:url\" content=\"https:\/\/institucional.ufrrj.br\/acessoainformacao\/participacao-social-2\/\" \/>\n<meta property=\"og:site_name\" content=\"Acesso \u00e0 Informa\u00e7\u00e3o\" \/>\n<meta property=\"article:modified_time\" content=\"2022-05-05T19:44:01+00:00\" \/>\n<meta name=\"twitter:card\" content=\"summary_large_image\" \/>\n<meta name=\"twitter:label1\" content=\"Est. tempo de leitura\" \/>\n\t<meta name=\"twitter:data1\" content=\"2 minutos\" \/>\n<script type=\"application\/ld+json\" class=\"yoast-schema-graph\">{\"@context\":\"https:\/\/schema.org\",\"@graph\":[{\"@type\":\"WebPage\",\"@id\":\"https:\/\/institucional.ufrrj.br\/acessoainformacao\/participacao-social-2\/\",\"url\":\"https:\/\/institucional.ufrrj.br\/acessoainformacao\/participacao-social-2\/\",\"name\":\"Participa\u00e7\u00e3o Social - Acesso \u00e0 Informa\u00e7\u00e3o\",\"isPartOf\":{\"@id\":\"https:\/\/institucional.ufrrj.br\/acessoainformacao\/#website\"},\"datePublished\":\"2017-10-09T19:06:05+00:00\",\"dateModified\":\"2022-05-05T19:44:01+00:00\",\"breadcrumb\":{\"@id\":\"https:\/\/institucional.ufrrj.br\/acessoainformacao\/participacao-social-2\/#breadcrumb\"},\"inLanguage\":\"pt-BR\",\"potentialAction\":[{\"@type\":\"ReadAction\",\"target\":[\"https:\/\/institucional.ufrrj.br\/acessoainformacao\/participacao-social-2\/\"]}]},{\"@type\":\"BreadcrumbList\",\"@id\":\"https:\/\/institucional.ufrrj.br\/acessoainformacao\/participacao-social-2\/#breadcrumb\",\"itemListElement\":[{\"@type\":\"ListItem\",\"position\":1,\"name\":\"In\u00edcio\",\"item\":\"https:\/\/institucional.ufrrj.br\/acessoainformacao\/\"},{\"@type\":\"ListItem\",\"position\":2,\"name\":\"Participa\u00e7\u00e3o Social\"}]},{\"@type\":\"WebSite\",\"@id\":\"https:\/\/institucional.ufrrj.br\/acessoainformacao\/#website\",\"url\":\"https:\/\/institucional.ufrrj.br\/acessoainformacao\/\",\"name\":\"Acesso \u00e0 Informa\u00e7\u00e3o\",\"description\":\"UFRRJ\",\"potentialAction\":[{\"@type\":\"SearchAction\",\"target\":{\"@type\":\"EntryPoint\",\"urlTemplate\":\"https:\/\/institucional.ufrrj.br\/acessoainformacao\/?s={search_term_string}\"},\"query-input\":{\"@type\":\"PropertyValueSpecification\",\"valueRequired\":true,\"valueName\":\"search_term_string\"}}],\"inLanguage\":\"pt-BR\"}]}<\/script>\n<!-- \/ Yoast SEO plugin. -->","yoast_head_json":{"title":"Participa\u00e7\u00e3o Social - Acesso \u00e0 Informa\u00e7\u00e3o","robots":{"index":"index","follow":"follow","max-snippet":"max-snippet:-1","max-image-preview":"max-image-preview:large","max-video-preview":"max-video-preview:-1"},"canonical":"https:\/\/institucional.ufrrj.br\/acessoainformacao\/participacao-social-2\/","og_locale":"pt_BR","og_type":"article","og_title":"Participa\u00e7\u00e3o Social - Acesso \u00e0 Informa\u00e7\u00e3o","og_description":"Nesta se\u00e7\u00e3o, s\u00e3o divulgadas informa\u00e7\u00f5es referentes \u00e0 realiza\u00e7\u00e3o de audi\u00eancias p\u00fablicas, consultas p\u00fablicas ou outras formas de incentivo \u00e0 participa\u00e7\u00e3o ... leia mais","og_url":"https:\/\/institucional.ufrrj.br\/acessoainformacao\/participacao-social-2\/","og_site_name":"Acesso \u00e0 Informa\u00e7\u00e3o","article_modified_time":"2022-05-05T19:44:01+00:00","twitter_card":"summary_large_image","twitter_misc":{"Est. tempo de leitura":"2 minutos"},"schema":{"@context":"https:\/\/schema.org","@graph":[{"@type":"WebPage","@id":"https:\/\/institucional.ufrrj.br\/acessoainformacao\/participacao-social-2\/","url":"https:\/\/institucional.ufrrj.br\/acessoainformacao\/participacao-social-2\/","name":"Participa\u00e7\u00e3o Social - Acesso \u00e0 Informa\u00e7\u00e3o","isPartOf":{"@id":"https:\/\/institucional.ufrrj.br\/acessoainformacao\/#website"},"datePublished":"2017-10-09T19:06:05+00:00","dateModified":"2022-05-05T19:44:01+00:00","breadcrumb":{"@id":"https:\/\/institucional.ufrrj.br\/acessoainformacao\/participacao-social-2\/#breadcrumb"},"inLanguage":"pt-BR","potentialAction":[{"@type":"ReadAction","target":["https:\/\/institucional.ufrrj.br\/acessoainformacao\/participacao-social-2\/"]}]},{"@type":"BreadcrumbList","@id":"https:\/\/institucional.ufrrj.br\/acessoainformacao\/participacao-social-2\/#breadcrumb","itemListElement":[{"@type":"ListItem","position":1,"name":"In\u00edcio","item":"https:\/\/institucional.ufrrj.br\/acessoainformacao\/"},{"@type":"ListItem","position":2,"name":"Participa\u00e7\u00e3o Social"}]},{"@type":"WebSite","@id":"https:\/\/institucional.ufrrj.br\/acessoainformacao\/#website","url":"https:\/\/institucional.ufrrj.br\/acessoainformacao\/","name":"Acesso \u00e0 Informa\u00e7\u00e3o","description":"UFRRJ","potentialAction":[{"@type":"SearchAction","target":{"@type":"EntryPoint","urlTemplate":"https:\/\/institucional.ufrrj.br\/acessoainformacao\/?s={search_term_string}"},"query-input":{"@type":"PropertyValueSpecification","valueRequired":true,"valueName":"search_term_string"}}],"inLanguage":"pt-BR"}]}},"_links":{"self":[{"href":"https:\/\/institucional.ufrrj.br\/acessoainformacao\/wp-json\/wp\/v2\/pages\/307","targetHints":{"allow":["GET"]}}],"collection":[{"href":"https:\/\/institucional.ufrrj.br\/acessoainformacao\/wp-json\/wp\/v2\/pages"}],"about":[{"href":"https:\/\/institucional.ufrrj.br\/acessoainformacao\/wp-json\/wp\/v2\/types\/page"}],"author":[{"embeddable":true,"href":"https:\/\/institucional.ufrrj.br\/acessoainformacao\/wp-json\/wp\/v2\/users\/698"}],"replies":[{"embeddable":true,"href":"https:\/\/institucional.ufrrj.br\/acessoainformacao\/wp-json\/wp\/v2\/comments?post=307"}],"version-history":[{"count":10,"href":"https:\/\/institucional.ufrrj.br\/acessoainformacao\/wp-json\/wp\/v2\/pages\/307\/revisions"}],"predecessor-version":[{"id":409,"href":"https:\/\/institucional.ufrrj.br\/acessoainformacao\/wp-json\/wp\/v2\/pages\/307\/revisions\/409"}],"wp:attachment":[{"href":"https:\/\/institucional.ufrrj.br\/acessoainformacao\/wp-json\/wp\/v2\/media?parent=307"}],"curies":[{"name":"wp","href":"https:\/\/api.w.org\/{rel}","templated":true}]}}