{"id":257,"date":"2017-10-04T15:36:57","date_gmt":"2017-10-04T18:36:57","guid":{"rendered":"http:\/\/institucional.ufrrj.br\/acessoainformacao\/?page_id=257"},"modified":"2025-03-24T14:34:33","modified_gmt":"2025-03-24T17:34:33","slug":"sobre-a-lei-de-acesso-a-informacao","status":"publish","type":"page","link":"https:\/\/institucional.ufrrj.br\/acessoainformacao\/sobre-a-lei-de-acesso-a-informacao\/","title":{"rendered":"Dados Abertos"},"content":{"rendered":"<p>Institu\u00edda em maio de 2016 (Decreto 8.777\/2016), a Pol\u00edtica de Dados Abertos do Poder Executivo Federal determina a obrigatoriedade de publica\u00e7\u00e3o dos Planos de Dados Abertos pelos \u00f3rg\u00e3os e entidades da administra\u00e7\u00e3o p\u00fablica federal direta, aut\u00e1rquica e fundacional.<\/p>\n<p>Nesta se\u00e7\u00e3o s\u00e3o divulgadas informa\u00e7\u00f5es sobre o \u00a0Plano de Dados Abertos \u00a0da Universidade Federal Rural do Rio de Janeiro (UFRRJ)<\/p>\n<p>O Plano de Dados Abertos (PDA) da Universidade Federal Rural do Rio de Janeiro (UFRRJ) tem o prop\u00f3sito de tornar p\u00fablicas as a\u00e7\u00f5es e estrat\u00e9gias organizacionais que nortear\u00e3o as atividades de implementa\u00e7\u00e3o e promo\u00e7\u00e3o da abertura de dados, de forma institucionalizada e sistematizada, no \u00e2mbito desta institui\u00e7\u00e3o. O objetivo \u00e9 suscitar a abertura de dados na UFRRJ, visando ao cumprimento dos princ\u00edpios da publicidade, transpar\u00eancia e efici\u00eancia<\/p>\n<p>&#8211; <a href=\"https:\/\/institucional.ufrrj.br\/acessoainformacao\/files\/2020\/07\/Plano_de_dados_abertos_da_UFRRJ_-_2020-2022.pdf\">PDA (2020-2022)<\/a><\/p>\n<p><strong>RELAT\u00d3RIO ANUAL DE MONITORAMENTO DA LEI DE ACESSO \u00c0 INFORMA\u00c7\u00c3O E DO CUMPRIMENTO DO PLANO DE DADOS ABERTOS<\/strong><\/p>\n<p><a href=\"https:\/\/institucional.ufrrj.br\/acessoainformacao\/files\/2020\/12\/Relat\u00f3rio-2019-vers\u00e3o-final-8.odt\">2019<\/a><\/p>\n<p><a href=\"https:\/\/institucional.ufrrj.br\/acessoainformacao\/files\/2020\/12\/Relatrio_2020_verso_final_2.odt\">2020<\/a><\/p>\n<p><a href=\"https:\/\/institucional.ufrrj.br\/acessoainformacao\/files\/2025\/03\/Relatorio-PDA-para-CGU-2022-1.docx\">2022<\/a><\/p>\n<p><a href=\"https:\/\/institucional.ufrrj.br\/acessoainformacao\/files\/2025\/03\/Relatorio-de-monitoramento-do-PDA-2023.docx\">2023<\/a><\/p>\n<p><a href=\"https:\/\/institucional.ufrrj.br\/acessoainformacao\/files\/2025\/03\/Relatorio-de-monitoramento-do-PDA-2024.docx\">2024<\/a><\/p>\n<p>\u00a0<\/p>\n\n\n<p class=\" eplus-wrapper\"><\/p>\n","protected":false},"excerpt":{"rendered":"<p>Institu\u00edda em maio de 2016 (Decreto 8.777\/2016), a Pol\u00edtica de Dados Abertos do Poder Executivo Federal determina a obrigatoriedade de <a class=\"read-more\" href=\"https:\/\/institucional.ufrrj.br\/acessoainformacao\/sobre-a-lei-de-acesso-a-informacao\/ \" >&#8230; <span class=\"font-italic\">leia mais <i class=\"fas fa-angle-right\"><\/i><\/span><\/a><\/p>\n","protected":false},"author":698,"featured_media":0,"parent":0,"menu_order":0,"comment_status":"closed","ping_status":"closed","template":"","meta":{"footnotes":""},"class_list":["post-257","page","type-page","status-publish","hentry"],"yoast_head":"<!-- This site is optimized with the Yoast SEO plugin v27.2 - https:\/\/yoast.com\/product\/yoast-seo-wordpress\/ -->\n<title>Dados Abertos - Acesso \u00e0 Informa\u00e7\u00e3o<\/title>\n<meta name=\"robots\" content=\"index, follow, max-snippet:-1, max-image-preview:large, max-video-preview:-1\" \/>\n<link rel=\"canonical\" href=\"https:\/\/institucional.ufrrj.br\/acessoainformacao\/sobre-a-lei-de-acesso-a-informacao\/\" \/>\n<meta property=\"og:locale\" content=\"pt_BR\" \/>\n<meta property=\"og:type\" content=\"article\" \/>\n<meta property=\"og:title\" content=\"Dados Abertos - Acesso \u00e0 Informa\u00e7\u00e3o\" \/>\n<meta property=\"og:description\" content=\"Institu\u00edda em maio de 2016 (Decreto 8.777\/2016), a Pol\u00edtica de Dados Abertos do Poder Executivo Federal determina a obrigatoriedade de ... leia mais\" \/>\n<meta property=\"og:url\" content=\"https:\/\/institucional.ufrrj.br\/acessoainformacao\/sobre-a-lei-de-acesso-a-informacao\/\" \/>\n<meta property=\"og:site_name\" content=\"Acesso \u00e0 Informa\u00e7\u00e3o\" \/>\n<meta property=\"article:modified_time\" content=\"2025-03-24T17:34:33+00:00\" \/>\n<meta name=\"twitter:card\" content=\"summary_large_image\" \/>\n<meta name=\"twitter:label1\" content=\"Est. tempo de leitura\" \/>\n\t<meta name=\"twitter:data1\" content=\"1 minuto\" \/>\n<script type=\"application\/ld+json\" class=\"yoast-schema-graph\">{\"@context\":\"https:\/\/schema.org\",\"@graph\":[{\"@type\":\"WebPage\",\"@id\":\"https:\/\/institucional.ufrrj.br\/acessoainformacao\/sobre-a-lei-de-acesso-a-informacao\/\",\"url\":\"https:\/\/institucional.ufrrj.br\/acessoainformacao\/sobre-a-lei-de-acesso-a-informacao\/\",\"name\":\"Dados Abertos - Acesso \u00e0 Informa\u00e7\u00e3o\",\"isPartOf\":{\"@id\":\"https:\/\/institucional.ufrrj.br\/acessoainformacao\/#website\"},\"datePublished\":\"2017-10-04T18:36:57+00:00\",\"dateModified\":\"2025-03-24T17:34:33+00:00\",\"breadcrumb\":{\"@id\":\"https:\/\/institucional.ufrrj.br\/acessoainformacao\/sobre-a-lei-de-acesso-a-informacao\/#breadcrumb\"},\"inLanguage\":\"pt-BR\",\"potentialAction\":[{\"@type\":\"ReadAction\",\"target\":[\"https:\/\/institucional.ufrrj.br\/acessoainformacao\/sobre-a-lei-de-acesso-a-informacao\/\"]}]},{\"@type\":\"BreadcrumbList\",\"@id\":\"https:\/\/institucional.ufrrj.br\/acessoainformacao\/sobre-a-lei-de-acesso-a-informacao\/#breadcrumb\",\"itemListElement\":[{\"@type\":\"ListItem\",\"position\":1,\"name\":\"In\u00edcio\",\"item\":\"https:\/\/institucional.ufrrj.br\/acessoainformacao\/\"},{\"@type\":\"ListItem\",\"position\":2,\"name\":\"Dados Abertos\"}]},{\"@type\":\"WebSite\",\"@id\":\"https:\/\/institucional.ufrrj.br\/acessoainformacao\/#website\",\"url\":\"https:\/\/institucional.ufrrj.br\/acessoainformacao\/\",\"name\":\"Acesso \u00e0 Informa\u00e7\u00e3o\",\"description\":\"UFRRJ\",\"potentialAction\":[{\"@type\":\"SearchAction\",\"target\":{\"@type\":\"EntryPoint\",\"urlTemplate\":\"https:\/\/institucional.ufrrj.br\/acessoainformacao\/?s={search_term_string}\"},\"query-input\":{\"@type\":\"PropertyValueSpecification\",\"valueRequired\":true,\"valueName\":\"search_term_string\"}}],\"inLanguage\":\"pt-BR\"}]}<\/script>\n<!-- \/ Yoast SEO plugin. -->","yoast_head_json":{"title":"Dados Abertos - Acesso \u00e0 Informa\u00e7\u00e3o","robots":{"index":"index","follow":"follow","max-snippet":"max-snippet:-1","max-image-preview":"max-image-preview:large","max-video-preview":"max-video-preview:-1"},"canonical":"https:\/\/institucional.ufrrj.br\/acessoainformacao\/sobre-a-lei-de-acesso-a-informacao\/","og_locale":"pt_BR","og_type":"article","og_title":"Dados Abertos - Acesso \u00e0 Informa\u00e7\u00e3o","og_description":"Institu\u00edda em maio de 2016 (Decreto 8.777\/2016), a Pol\u00edtica de Dados Abertos do Poder Executivo Federal determina a obrigatoriedade de ... leia mais","og_url":"https:\/\/institucional.ufrrj.br\/acessoainformacao\/sobre-a-lei-de-acesso-a-informacao\/","og_site_name":"Acesso \u00e0 Informa\u00e7\u00e3o","article_modified_time":"2025-03-24T17:34:33+00:00","twitter_card":"summary_large_image","twitter_misc":{"Est. tempo de leitura":"1 minuto"},"schema":{"@context":"https:\/\/schema.org","@graph":[{"@type":"WebPage","@id":"https:\/\/institucional.ufrrj.br\/acessoainformacao\/sobre-a-lei-de-acesso-a-informacao\/","url":"https:\/\/institucional.ufrrj.br\/acessoainformacao\/sobre-a-lei-de-acesso-a-informacao\/","name":"Dados Abertos - Acesso \u00e0 Informa\u00e7\u00e3o","isPartOf":{"@id":"https:\/\/institucional.ufrrj.br\/acessoainformacao\/#website"},"datePublished":"2017-10-04T18:36:57+00:00","dateModified":"2025-03-24T17:34:33+00:00","breadcrumb":{"@id":"https:\/\/institucional.ufrrj.br\/acessoainformacao\/sobre-a-lei-de-acesso-a-informacao\/#breadcrumb"},"inLanguage":"pt-BR","potentialAction":[{"@type":"ReadAction","target":["https:\/\/institucional.ufrrj.br\/acessoainformacao\/sobre-a-lei-de-acesso-a-informacao\/"]}]},{"@type":"BreadcrumbList","@id":"https:\/\/institucional.ufrrj.br\/acessoainformacao\/sobre-a-lei-de-acesso-a-informacao\/#breadcrumb","itemListElement":[{"@type":"ListItem","position":1,"name":"In\u00edcio","item":"https:\/\/institucional.ufrrj.br\/acessoainformacao\/"},{"@type":"ListItem","position":2,"name":"Dados Abertos"}]},{"@type":"WebSite","@id":"https:\/\/institucional.ufrrj.br\/acessoainformacao\/#website","url":"https:\/\/institucional.ufrrj.br\/acessoainformacao\/","name":"Acesso \u00e0 Informa\u00e7\u00e3o","description":"UFRRJ","potentialAction":[{"@type":"SearchAction","target":{"@type":"EntryPoint","urlTemplate":"https:\/\/institucional.ufrrj.br\/acessoainformacao\/?s={search_term_string}"},"query-input":{"@type":"PropertyValueSpecification","valueRequired":true,"valueName":"search_term_string"}}],"inLanguage":"pt-BR"}]}},"_links":{"self":[{"href":"https:\/\/institucional.ufrrj.br\/acessoainformacao\/wp-json\/wp\/v2\/pages\/257","targetHints":{"allow":["GET"]}}],"collection":[{"href":"https:\/\/institucional.ufrrj.br\/acessoainformacao\/wp-json\/wp\/v2\/pages"}],"about":[{"href":"https:\/\/institucional.ufrrj.br\/acessoainformacao\/wp-json\/wp\/v2\/types\/page"}],"author":[{"embeddable":true,"href":"https:\/\/institucional.ufrrj.br\/acessoainformacao\/wp-json\/wp\/v2\/users\/698"}],"replies":[{"embeddable":true,"href":"https:\/\/institucional.ufrrj.br\/acessoainformacao\/wp-json\/wp\/v2\/comments?post=257"}],"version-history":[{"count":12,"href":"https:\/\/institucional.ufrrj.br\/acessoainformacao\/wp-json\/wp\/v2\/pages\/257\/revisions"}],"predecessor-version":[{"id":694,"href":"https:\/\/institucional.ufrrj.br\/acessoainformacao\/wp-json\/wp\/v2\/pages\/257\/revisions\/694"}],"wp:attachment":[{"href":"https:\/\/institucional.ufrrj.br\/acessoainformacao\/wp-json\/wp\/v2\/media?parent=257"}],"curies":[{"name":"wp","href":"https:\/\/api.w.org\/{rel}","templated":true}]}}