{"id":251,"date":"2017-10-04T15:09:29","date_gmt":"2017-10-04T18:09:29","guid":{"rendered":"http:\/\/institucional.ufrrj.br\/acessoainformacao\/?page_id=251"},"modified":"2025-03-24T11:55:52","modified_gmt":"2025-03-24T14:55:52","slug":"informacoes-classificadas-2","status":"publish","type":"page","link":"https:\/\/institucional.ufrrj.br\/acessoainformacao\/informacoes-classificadas-2\/","title":{"rendered":"Informa\u00e7\u00f5es Classificadas"},"content":{"rendered":"<p>Esta \u00e1rea tem como objetivo atender aos incisos I e II do art. 45 do Decreto N\u00ba 7.724\/2012, apresentando anualmente at\u00e9 o dia 1\u00ba de junho, o rol de informa\u00e7\u00f5es classificadas e desclassificadas, e relat\u00f3rios estat\u00edsticos no \u00e2mbito da Universidade Federal Rural do Rio de Janeiro.<\/p>\n<ul>\n<li><strong> Rol de Informa\u00e7\u00f5es Classificadas<\/strong><\/li>\n<\/ul>\n<p>Todas as informa\u00e7\u00f5es produzidas e acumuladas pela UFRRJ no desenvolvimento das suas atividades s\u00e3o de acesso irrestrito. N\u00e3o h\u00e1 informa\u00e7\u00f5es pass\u00edveis de classifica\u00e7\u00e3o, ressaltando que as informa\u00e7\u00f5es sigilosas existentes na universidade recebem prote\u00e7\u00e3o em decorr\u00eancia de normas espec\u00edficas. Est\u00e3o relacionadas algumas das leis que cont\u00eam disposi\u00e7\u00f5es expressas sobre a prote\u00e7\u00e3o do sigilo de informa\u00e7\u00f5es:<\/p>\n<ul>\n<li>Lei n\u00ba 9.279\/96: regula direitos e obriga\u00e7\u00f5es relativos \u00e0 propriedade industrial. Nesse diploma legal h\u00e1 a previs\u00e3o de guarda de sigilo dos pedidos de registro de patente (art. 30), dos pedidos de patente cujo objeto interesse \u00e0 defesa nacional (art. 75) e do pedido de registro de desenho industrial (art. 106, \u00a71\u00ba)<\/li>\n<li>Lei n\u00ba 9.610\/98: disciplina os direitos autorais.<\/li>\n<li>Lei n\u00ba 9.456\/97: estabelece a prote\u00e7\u00e3o dos direitos relativos \u00e0 prote\u00e7\u00e3o dos cultivares.<\/li>\n<li>Lei n\u00ba 9.609\/98: estabelece o regime de prote\u00e7\u00e3o \u00e0 propriedade intelectual de programa de computador.<\/li>\n<li>Lei n\u00ba 10.973\/04: disp\u00f5e sobre incentivos \u00e0 inova\u00e7\u00e3o e \u00e0 pesquisa cient\u00edfica e tecnol\u00f3gica no ambiente produtivo.<\/li>\n<li>Lei 12.527\/11: apresenta se\u00e7\u00e3o pr\u00f3pria para o tratamento da prote\u00e7\u00e3o dos direitos pessoais, contida no art. 31 e seus par\u00e1grafos, al\u00e9m disso o Decreto n\u00ba 7.724\/2012, art. 55 e seguintes, regula a mat\u00e9ria pois envolve as informa\u00e7\u00f5es pessoais.e ainda \u00a0informa\u00e7\u00f5es cuja divulga\u00e7\u00e3o possa \u201cprejudicar ou causar risco a projetos de pesquisa e desenvolvimento cient\u00edfico ou tecnol\u00f3gico\u201d em andamento, de acordo com o art. 23 da LAI<\/li>\n<li>Lei 8112\/1990: informa\u00e7\u00f5es relativas ao andamento de processos administrativos disciplinares, conforme o art. 150 da Lei 8112\/1990, que disp\u00f5e sobre o regime jur\u00eddico \u00fanico dos servidores civis da Uni\u00e3o;<\/li>\n<li>Portaria N<sup>o<\/sup>25\/ITI, da Casa Civil da Presid\u00eancia da Rep\u00fablica, de 15 de maio de 2012<\/li>\n<li><\/li>\n<\/ul>\n<p>As informa\u00e7\u00f5es classificadas como SECRETAS pela Portaria N<sup>o<\/sup> 25\/ITI, da Casa Civil da Presid\u00eancia da Rep\u00fablica, de 15 de maio de 2012, publicada no <a href=\"http:\/\/www2.unirio.br\/unirio\/lai\/PortariaITILAI.PDF\">DOU de 16 de maio de 2012 \u2013 Se\u00e7\u00e3o 1 \u2013 P\u00e1ginas 1 e 2 <\/a>, no que for aplic\u00e1vel \u00e0 UFRRJ.<\/p>\n<p><strong>Informa\u00e7\u00f5es Classificadas: <\/strong>A Universidade Federal Rural do Rio de Janeiro, informa que at\u00e9 o dia <strong>20\/03\/2025<\/strong>, <strong>n\u00e3o<\/strong> possui informa\u00e7\u00f5es classificadas ou desclassificadas nos graus de sigilo &#8220;secreta&#8221;, &#8220;ultrassecreta&#8221; e &#8220;reservada&#8221;, nos termos do \u00a71\u00ba, art. 24 da Lei n\u00ba 12.527\/2011 (Lei de Acesso \u00e0 Informa\u00e7\u00e3o).<\/p>\n<p><strong>Formul\u00e1rios para solicita\u00e7\u00e3o de desclassifica\u00e7\u00e3o e recursos:<\/strong><\/p>\n<p>Segundo o art. 29 da Lei de Acesso \u00e0 Informa\u00e7\u00e3o (Lei n\u00ba 12.527\/2012), os cidad\u00e3os podem solicitar a reavalia\u00e7\u00e3o da classifica\u00e7\u00e3o das informa\u00e7\u00f5es com vistas \u00e0 sua desclassifica\u00e7\u00e3o ou \u00e0 redu\u00e7\u00e3o do prazo de sigilo. Al\u00e9m disso, \u00e9 poss\u00edvel interpor recurso referente ao pedido de desclassifica\u00e7\u00e3o. Para isso, est\u00e3o dispon\u00edveis os formul\u00e1rios logo abaixo.<\/p>\n<p><strong>\u00a0<\/strong><\/p>\n<ul>\n<li><strong> Rol de Informa\u00e7\u00f5es Desclassificadas<\/strong><\/li>\n<\/ul>\n<p>Desde a entrada em vig\u00eancia da Lei de Acesso \u00e0 Informa\u00e7\u00e3o, em 16 de maio de 2012, <strong>nenhum<\/strong> documento foi desclassificado no \u00e2mbito da Universidade Federal do Rural do Rio de Janeiro.<\/p>\n<p><strong>Formul\u00e1rios para solicita\u00e7\u00e3o de desclassifica\u00e7\u00e3o e recursos:<\/strong><\/p>\n<p>Segundo o art. 29 da Lei de Acesso \u00e0 Informa\u00e7\u00e3o (Lei n\u00ba 12.527\/2012), os cidad\u00e3os podem solicitar a reavalia\u00e7\u00e3o da classifica\u00e7\u00e3o das informa\u00e7\u00f5es com vistas \u00e0 sua desclassifica\u00e7\u00e3o ou \u00e0 redu\u00e7\u00e3o do prazo de sigilo. Al\u00e9m disso, \u00e9 poss\u00edvel interpor recurso referente ao pedido de desclassifica\u00e7\u00e3o. Para isso, est\u00e3o dispon\u00edveis os formul\u00e1rios abaixo:<\/p>\n<p><a href=\"https:\/\/institucional.ufrrj.br\/acessoainformacao\/files\/2020\/12\/formulario_desclassificacao-1.odt\">Formul\u00e1rio de pedido de desclassifica\u00e7\u00e3o \u2013 Pessoa f\u00edsica<\/a><\/p>\n<p><a href=\"https:\/\/institucional.ufrrj.br\/acessoainformacao\/files\/2020\/12\/formulario_desclassificacao_pj.odt\">Formul\u00e1rio de pedido de desclassifica\u00e7\u00e3o \u2013 Pessoa jur\u00eddica<\/a><\/p>\n<p><a href=\"https:\/\/institucional.ufrrj.br\/acessoainformacao\/files\/2020\/12\/recurso_desclassificacao.odt\">Formul\u00e1rio de recurso referente a pedido de desclassifica\u00e7\u00e3o \u2013 Pessoa f\u00edsica<\/a><\/p>\n<p><a href=\"https:\/\/institucional.ufrrj.br\/acessoainformacao\/files\/2020\/12\/recurso_desclassificao_pj.odt\">Formul\u00e1rio de recurso referente a pedido de desclassifica\u00e7\u00e3o \u2013 Pessoa jur\u00eddica<\/a><\/p>\n<p>Os pedidos de desclassifica\u00e7\u00e3o e seus respectivos recursos devem ser endere\u00e7ados ao e-mail sicufrrj@ufrrj.br ou protocolados na unidade f\u00edsica do Servi\u00e7o de Informa\u00e7\u00e3o ao Cidad\u00e3o (SIC) do \u00f3rg\u00e3o ou entidade classificadora. Os referidos formul\u00e1rios tamb\u00e9m estar\u00e3o dispon\u00edveis em meio f\u00edsico (papel) na unidade de Servi\u00e7o de Informa\u00e7\u00e3o ao Cidad\u00e3o da UFRRJ (SIC-UFRRJ).<\/p>\n<p><strong>Informa\u00e7\u00f5es desclassificadas:\u00a0<\/strong>A Universidade Federal Rural do Rio de Janeiro, informa que at\u00e9 o dia <strong>20\/03\/2025<\/strong>,<strong> n\u00e3o<\/strong> possui informa\u00e7\u00f5es classificadas ou desclassificadas nos graus de sigilo &#8220;secreta&#8221;, &#8220;ultrassecreta&#8221; e &#8220;reservada&#8221;, nos termos do \u00a71\u00ba, art. 24 da Lei n\u00ba 12.527\/2011 (Lei de Acesso \u00e0 Informa\u00e7\u00e3o)<\/p>\n<p><strong>Relat\u00f3rios Estat\u00edsticos<\/strong><br \/>\nRelat\u00f3rios estat\u00edsticos com a quantidade de pedidos de acesso \u00e0 informa\u00e7\u00e3o recebidos, atendidos e indeferidos e as informa\u00e7\u00f5es estat\u00edsticas agregadas dos requerentes, cuja publica\u00e7\u00e3o est\u00e1 prevista no art. 45, incisos III e IV, do Decreto n\u00ba 7.724\/2012, podem ser consultados\u00a0na p\u00e1gina da Ouvidoria\u00a0<a href=\"http:\/\/portal.ufrrj.br\/ouvidoria\/relatorios\" target=\"_blank\" rel=\"noopener noreferrer\" data-saferedirecturl=\"https:\/\/www.google.com\/url?q=http:\/\/portal.ufrrj.br\/ouvidoria\/relatorios&amp;source=gmail&amp;ust=1650542803667000&amp;usg=AOvVaw0EElN9lSN4AIigdtlokzUL\">http:\/\/portal.ufrrj.br\/ouvidoria\/relatorios\u00a0<\/a><\/p>\n","protected":false},"excerpt":{"rendered":"<p>Esta \u00e1rea tem como objetivo atender aos incisos I e II do art. 45 do Decreto N\u00ba 7.724\/2012, apresentando anualmente <a class=\"read-more\" href=\"https:\/\/institucional.ufrrj.br\/acessoainformacao\/informacoes-classificadas-2\/ \" >&#8230; <span class=\"font-italic\">leia mais <i class=\"fas fa-angle-right\"><\/i><\/span><\/a><\/p>\n","protected":false},"author":698,"featured_media":0,"parent":0,"menu_order":0,"comment_status":"closed","ping_status":"closed","template":"","meta":{"footnotes":""},"class_list":["post-251","page","type-page","status-publish","hentry"],"yoast_head":"<!-- This site is optimized with the Yoast SEO plugin v27.2 - https:\/\/yoast.com\/product\/yoast-seo-wordpress\/ -->\n<title>Informa\u00e7\u00f5es Classificadas - Acesso \u00e0 Informa\u00e7\u00e3o<\/title>\n<meta name=\"robots\" content=\"index, follow, max-snippet:-1, max-image-preview:large, max-video-preview:-1\" \/>\n<link rel=\"canonical\" href=\"https:\/\/institucional.ufrrj.br\/acessoainformacao\/informacoes-classificadas-2\/\" \/>\n<meta property=\"og:locale\" content=\"pt_BR\" \/>\n<meta property=\"og:type\" content=\"article\" \/>\n<meta property=\"og:title\" content=\"Informa\u00e7\u00f5es Classificadas - Acesso \u00e0 Informa\u00e7\u00e3o\" \/>\n<meta property=\"og:description\" content=\"Esta \u00e1rea tem como objetivo atender aos incisos I e II do art. 45 do Decreto N\u00ba 7.724\/2012, apresentando anualmente ... leia mais\" \/>\n<meta property=\"og:url\" content=\"https:\/\/institucional.ufrrj.br\/acessoainformacao\/informacoes-classificadas-2\/\" \/>\n<meta property=\"og:site_name\" content=\"Acesso \u00e0 Informa\u00e7\u00e3o\" \/>\n<meta property=\"article:modified_time\" content=\"2025-03-24T14:55:52+00:00\" \/>\n<meta name=\"twitter:card\" content=\"summary_large_image\" \/>\n<meta name=\"twitter:label1\" content=\"Est. tempo de leitura\" \/>\n\t<meta name=\"twitter:data1\" content=\"4 minutos\" \/>\n<script type=\"application\/ld+json\" class=\"yoast-schema-graph\">{\"@context\":\"https:\/\/schema.org\",\"@graph\":[{\"@type\":\"WebPage\",\"@id\":\"https:\/\/institucional.ufrrj.br\/acessoainformacao\/informacoes-classificadas-2\/\",\"url\":\"https:\/\/institucional.ufrrj.br\/acessoainformacao\/informacoes-classificadas-2\/\",\"name\":\"Informa\u00e7\u00f5es Classificadas - Acesso \u00e0 Informa\u00e7\u00e3o\",\"isPartOf\":{\"@id\":\"https:\/\/institucional.ufrrj.br\/acessoainformacao\/#website\"},\"datePublished\":\"2017-10-04T18:09:29+00:00\",\"dateModified\":\"2025-03-24T14:55:52+00:00\",\"breadcrumb\":{\"@id\":\"https:\/\/institucional.ufrrj.br\/acessoainformacao\/informacoes-classificadas-2\/#breadcrumb\"},\"inLanguage\":\"pt-BR\",\"potentialAction\":[{\"@type\":\"ReadAction\",\"target\":[\"https:\/\/institucional.ufrrj.br\/acessoainformacao\/informacoes-classificadas-2\/\"]}]},{\"@type\":\"BreadcrumbList\",\"@id\":\"https:\/\/institucional.ufrrj.br\/acessoainformacao\/informacoes-classificadas-2\/#breadcrumb\",\"itemListElement\":[{\"@type\":\"ListItem\",\"position\":1,\"name\":\"In\u00edcio\",\"item\":\"https:\/\/institucional.ufrrj.br\/acessoainformacao\/\"},{\"@type\":\"ListItem\",\"position\":2,\"name\":\"Informa\u00e7\u00f5es Classificadas\"}]},{\"@type\":\"WebSite\",\"@id\":\"https:\/\/institucional.ufrrj.br\/acessoainformacao\/#website\",\"url\":\"https:\/\/institucional.ufrrj.br\/acessoainformacao\/\",\"name\":\"Acesso \u00e0 Informa\u00e7\u00e3o\",\"description\":\"UFRRJ\",\"potentialAction\":[{\"@type\":\"SearchAction\",\"target\":{\"@type\":\"EntryPoint\",\"urlTemplate\":\"https:\/\/institucional.ufrrj.br\/acessoainformacao\/?s={search_term_string}\"},\"query-input\":{\"@type\":\"PropertyValueSpecification\",\"valueRequired\":true,\"valueName\":\"search_term_string\"}}],\"inLanguage\":\"pt-BR\"}]}<\/script>\n<!-- \/ Yoast SEO plugin. -->","yoast_head_json":{"title":"Informa\u00e7\u00f5es Classificadas - Acesso \u00e0 Informa\u00e7\u00e3o","robots":{"index":"index","follow":"follow","max-snippet":"max-snippet:-1","max-image-preview":"max-image-preview:large","max-video-preview":"max-video-preview:-1"},"canonical":"https:\/\/institucional.ufrrj.br\/acessoainformacao\/informacoes-classificadas-2\/","og_locale":"pt_BR","og_type":"article","og_title":"Informa\u00e7\u00f5es Classificadas - Acesso \u00e0 Informa\u00e7\u00e3o","og_description":"Esta \u00e1rea tem como objetivo atender aos incisos I e II do art. 45 do Decreto N\u00ba 7.724\/2012, apresentando anualmente ... leia mais","og_url":"https:\/\/institucional.ufrrj.br\/acessoainformacao\/informacoes-classificadas-2\/","og_site_name":"Acesso \u00e0 Informa\u00e7\u00e3o","article_modified_time":"2025-03-24T14:55:52+00:00","twitter_card":"summary_large_image","twitter_misc":{"Est. tempo de leitura":"4 minutos"},"schema":{"@context":"https:\/\/schema.org","@graph":[{"@type":"WebPage","@id":"https:\/\/institucional.ufrrj.br\/acessoainformacao\/informacoes-classificadas-2\/","url":"https:\/\/institucional.ufrrj.br\/acessoainformacao\/informacoes-classificadas-2\/","name":"Informa\u00e7\u00f5es Classificadas - Acesso \u00e0 Informa\u00e7\u00e3o","isPartOf":{"@id":"https:\/\/institucional.ufrrj.br\/acessoainformacao\/#website"},"datePublished":"2017-10-04T18:09:29+00:00","dateModified":"2025-03-24T14:55:52+00:00","breadcrumb":{"@id":"https:\/\/institucional.ufrrj.br\/acessoainformacao\/informacoes-classificadas-2\/#breadcrumb"},"inLanguage":"pt-BR","potentialAction":[{"@type":"ReadAction","target":["https:\/\/institucional.ufrrj.br\/acessoainformacao\/informacoes-classificadas-2\/"]}]},{"@type":"BreadcrumbList","@id":"https:\/\/institucional.ufrrj.br\/acessoainformacao\/informacoes-classificadas-2\/#breadcrumb","itemListElement":[{"@type":"ListItem","position":1,"name":"In\u00edcio","item":"https:\/\/institucional.ufrrj.br\/acessoainformacao\/"},{"@type":"ListItem","position":2,"name":"Informa\u00e7\u00f5es Classificadas"}]},{"@type":"WebSite","@id":"https:\/\/institucional.ufrrj.br\/acessoainformacao\/#website","url":"https:\/\/institucional.ufrrj.br\/acessoainformacao\/","name":"Acesso \u00e0 Informa\u00e7\u00e3o","description":"UFRRJ","potentialAction":[{"@type":"SearchAction","target":{"@type":"EntryPoint","urlTemplate":"https:\/\/institucional.ufrrj.br\/acessoainformacao\/?s={search_term_string}"},"query-input":{"@type":"PropertyValueSpecification","valueRequired":true,"valueName":"search_term_string"}}],"inLanguage":"pt-BR"}]}},"_links":{"self":[{"href":"https:\/\/institucional.ufrrj.br\/acessoainformacao\/wp-json\/wp\/v2\/pages\/251","targetHints":{"allow":["GET"]}}],"collection":[{"href":"https:\/\/institucional.ufrrj.br\/acessoainformacao\/wp-json\/wp\/v2\/pages"}],"about":[{"href":"https:\/\/institucional.ufrrj.br\/acessoainformacao\/wp-json\/wp\/v2\/types\/page"}],"author":[{"embeddable":true,"href":"https:\/\/institucional.ufrrj.br\/acessoainformacao\/wp-json\/wp\/v2\/users\/698"}],"replies":[{"embeddable":true,"href":"https:\/\/institucional.ufrrj.br\/acessoainformacao\/wp-json\/wp\/v2\/comments?post=251"}],"version-history":[{"count":17,"href":"https:\/\/institucional.ufrrj.br\/acessoainformacao\/wp-json\/wp\/v2\/pages\/251\/revisions"}],"predecessor-version":[{"id":684,"href":"https:\/\/institucional.ufrrj.br\/acessoainformacao\/wp-json\/wp\/v2\/pages\/251\/revisions\/684"}],"wp:attachment":[{"href":"https:\/\/institucional.ufrrj.br\/acessoainformacao\/wp-json\/wp\/v2\/media?parent=251"}],"curies":[{"name":"wp","href":"https:\/\/api.w.org\/{rel}","templated":true}]}}